{"id":16427,"date":"2025-01-03T12:02:34","date_gmt":"2025-01-03T11:02:34","guid":{"rendered":"https:\/\/www.ruchersdesyvelines.com\/new\/produit\/gelee-royale-fraiche\/"},"modified":"2025-03-07T11:12:53","modified_gmt":"2025-03-07T10:12:53","slug":"gelee-royale-fraiche","status":"publish","type":"product","link":"https:\/\/www.ruchersdesyvelines.com\/new\/produit\/gelee-royale-fraiche\/","title":{"rendered":"Gel\u00e9e Royale fra\u00eeche 10g"},"content":{"rendered":"<p><span>La gel\u00e9e royale est une substance naturelle avec des caract\u00e9ristiques particuli\u00e8res; Elle est g\u00e9latineuse, opaque, de couleur blanc nacr\u00e9, et contrairement au miel, elle a un go\u00fbt acide qui peut surprendre le consommateur non averti ! La gel\u00e9e royale peut \u00e9galement pr\u00e9senter des cristaux, plus ou moins gros, de couleur ja<\/span>une.<\/p>\n<p>Nectar de la Reine, La Gel\u00e9e Royale est produite par les abeilles pour nourrir les larves durant leurs 3 premiers jours de vie. Certaines larves seront nourries 2 jours de plus \u00e0 la Gel\u00e9e Royale ce qui va changer leur destin \u00e0 jamais !<br \/>\nDevenues Reines et nourries exclusivement \u00e0 la Gel\u00e9e Royale, elles vont conna\u00eetre une long\u00e9vit\u00e9 incroyable, 50 fois sup\u00e9rieure aux autres abeilles !<\/p>\n<p>1 dose le matin \u00e0 jeun \u00e0 faire fondre sous la langue( cure 1g par jour).<\/p>\n<p><strong>POIDS: 10g<\/strong><\/p>\n","protected":false},"excerpt":{"rendered":"<p>La gel\u00e9e royale est une substance naturelle avec des caract\u00e9ristiques particuli\u00e8res; Elle est g\u00e9latineuse, opaque, de couleur blanc nacr\u00e9, et<\/p>\n","protected":false},"featured_media":16429,"comment_status":"closed","ping_status":"closed","template":"","meta":[],"product_brand":[],"product_cat":[83],"product_tag":[],"class_list":{"0":"post-16427","1":"product","2":"type-product","3":"status-publish","4":"has-post-thumbnail","6":"product_cat-produits-de-la-ruche","8":"first","9":"instock","10":"downloadable","11":"shipping-taxable","12":"purchasable","13":"product-type-simple"},"jetpack_sharing_enabled":true,"_links":{"self":[{"href":"https:\/\/www.ruchersdesyvelines.com\/new\/wp-json\/wp\/v2\/product\/16427","targetHints":{"allow":["GET"]}}],"collection":[{"href":"https:\/\/www.ruchersdesyvelines.com\/new\/wp-json\/wp\/v2\/product"}],"about":[{"href":"https:\/\/www.ruchersdesyvelines.com\/new\/wp-json\/wp\/v2\/types\/product"}],"replies":[{"embeddable":true,"href":"https:\/\/www.ruchersdesyvelines.com\/new\/wp-json\/wp\/v2\/comments?post=16427"}],"version-history":[{"count":2,"href":"https:\/\/www.ruchersdesyvelines.com\/new\/wp-json\/wp\/v2\/product\/16427\/revisions"}],"predecessor-version":[{"id":16431,"href":"https:\/\/www.ruchersdesyvelines.com\/new\/wp-json\/wp\/v2\/product\/16427\/revisions\/16431"}],"wp:featuredmedia":[{"embeddable":true,"href":"https:\/\/www.ruchersdesyvelines.com\/new\/wp-json\/wp\/v2\/media\/16429"}],"wp:attachment":[{"href":"https:\/\/www.ruchersdesyvelines.com\/new\/wp-json\/wp\/v2\/media?parent=16427"}],"wp:term":[{"taxonomy":"product_brand","embeddable":true,"href":"https:\/\/www.ruchersdesyvelines.com\/new\/wp-json\/wp\/v2\/product_brand?post=16427"},{"taxonomy":"product_cat","embeddable":true,"href":"https:\/\/www.ruchersdesyvelines.com\/new\/wp-json\/wp\/v2\/product_cat?post=16427"},{"taxonomy":"product_tag","embeddable":true,"href":"https:\/\/www.ruchersdesyvelines.com\/new\/wp-json\/wp\/v2\/product_tag?post=16427"}],"curies":[{"name":"wp","href":"https:\/\/api.w.org\/{rel}","templated":true}]}}