{"id":16355,"date":"2024-09-18T14:15:04","date_gmt":"2024-09-18T12:15:04","guid":{"rendered":"https:\/\/www.ruchersdesyvelines.com\/new\/?post_type=product&#038;p=16355"},"modified":"2026-03-09T21:04:17","modified_gmt":"2026-03-09T20:04:17","slug":"miel-de-sarrasin-2024","status":"publish","type":"product","link":"https:\/\/www.ruchersdesyvelines.com\/new\/produit\/miel-de-sarrasin-2024\/","title":{"rendered":"Miel de Sarrasin 2024"},"content":{"rendered":"<h1 style=\"text-align: center;\"><em><strong>Miel de sarrasin r\u00e9colt\u00e9 en Yvelines en Aout 2024<\/strong><\/em><\/h1>\n<p>&nbsp;<\/p>\n<p>Le miel de Sarrasin en d\u00e9pit de sa couleur tr\u00e8s fonc\u00e9 tirant sur le noir n&rsquo;est pas un miel de miellat comme on pourrait le croire.\u00a0 Le nectar monte dans les nombreuses\u00a0fleurs\u00a0miniatures, blanc ros\u00e9 dont les abeilles se d\u00e9lectent au mois de juin<br \/>\nOn peut difficilement le comparer \u00e0 d&rsquo;autres miels tant il se d\u00e9marque par ses aromes puissants de caroubes, et de fruits secs.<\/p>\n<p><strong>*\u00a0 <\/strong>La couleur est tr\u00e8s fonc\u00e9e tirant vers le brun-noir,\u00a0 la cristallisation est plut\u00f4t fine dans une structure onctueuse.<\/p>\n<p><strong>*\u00a0 <\/strong>L&rsquo;odeur aromatique est marqu\u00e9e, profonde, rappelant le carouble, les pruneaux.<br \/>\n<strong><br \/>\n*\u00a0 <\/strong>Les aromes sont puissants longs en bouche, persistants.<\/p>\n","protected":false},"excerpt":{"rendered":"<p>Miel de sarrasin r\u00e9colt\u00e9 en Yvelines en Aout 2024 &nbsp; Le miel de Sarrasin en d\u00e9pit de sa couleur tr\u00e8s<\/p>\n","protected":false},"featured_media":16356,"comment_status":"open","ping_status":"closed","template":"","meta":[],"product_brand":[],"product_cat":[70,83],"product_tag":[],"class_list":{"0":"post-16355","1":"product","2":"type-product","3":"status-publish","4":"has-post-thumbnail","6":"product_cat-miel","7":"product_cat-produits-de-la-ruche","9":"first","10":"outofstock","11":"shipping-taxable","12":"purchasable","13":"product-type-variable"},"jetpack_sharing_enabled":true,"_links":{"self":[{"href":"https:\/\/www.ruchersdesyvelines.com\/new\/wp-json\/wp\/v2\/product\/16355","targetHints":{"allow":["GET"]}}],"collection":[{"href":"https:\/\/www.ruchersdesyvelines.com\/new\/wp-json\/wp\/v2\/product"}],"about":[{"href":"https:\/\/www.ruchersdesyvelines.com\/new\/wp-json\/wp\/v2\/types\/product"}],"replies":[{"embeddable":true,"href":"https:\/\/www.ruchersdesyvelines.com\/new\/wp-json\/wp\/v2\/comments?post=16355"}],"version-history":[{"count":1,"href":"https:\/\/www.ruchersdesyvelines.com\/new\/wp-json\/wp\/v2\/product\/16355\/revisions"}],"predecessor-version":[{"id":16361,"href":"https:\/\/www.ruchersdesyvelines.com\/new\/wp-json\/wp\/v2\/product\/16355\/revisions\/16361"}],"wp:featuredmedia":[{"embeddable":true,"href":"https:\/\/www.ruchersdesyvelines.com\/new\/wp-json\/wp\/v2\/media\/16356"}],"wp:attachment":[{"href":"https:\/\/www.ruchersdesyvelines.com\/new\/wp-json\/wp\/v2\/media?parent=16355"}],"wp:term":[{"taxonomy":"product_brand","embeddable":true,"href":"https:\/\/www.ruchersdesyvelines.com\/new\/wp-json\/wp\/v2\/product_brand?post=16355"},{"taxonomy":"product_cat","embeddable":true,"href":"https:\/\/www.ruchersdesyvelines.com\/new\/wp-json\/wp\/v2\/product_cat?post=16355"},{"taxonomy":"product_tag","embeddable":true,"href":"https:\/\/www.ruchersdesyvelines.com\/new\/wp-json\/wp\/v2\/product_tag?post=16355"}],"curies":[{"name":"wp","href":"https:\/\/api.w.org\/{rel}","templated":true}]}}