{"id":16346,"date":"2024-09-18T12:57:01","date_gmt":"2024-09-18T10:57:01","guid":{"rendered":"https:\/\/www.ruchersdesyvelines.com\/new\/?post_type=product&#038;p=16346"},"modified":"2025-10-27T07:49:34","modified_gmt":"2025-10-27T06:49:34","slug":"miel-de-lavande-2024","status":"publish","type":"product","link":"https:\/\/www.ruchersdesyvelines.com\/new\/produit\/miel-de-lavande-2024\/","title":{"rendered":"Miel de lavande 2024"},"content":{"rendered":"<p><strong>R\u00e9colt\u00e9 en Eure et Loir en Aout 2024<\/strong><\/p>\n<p>&nbsp;<\/p>\n<p>Le miel de lavande peut \u00eatre liquide, solide ou Cr\u00e9meux selon la saison.<\/p>\n<p><strong>* <\/strong>\u00a0La couleur : est jaune clair et transparente \u00e0 l\u2019\u00e9tat liquide et devient blanche apr\u00e8s la cristallisation. Le Miel de lavande reste rarement liquide tr\u00e8s longtemps. La consistance tr\u00e8s fine peut parfois devenir dure.<\/p>\n<p><b>*<\/b> L&rsquo;odeur est marqu\u00e9e, typique reconnaissable rappelant l\u00e9g\u00e8rement celle de la fleur<\/p>\n<p><b>*<\/b>\u00a0 La saveur est fortement aromatique , persistante, longue en bouche<\/p>\n","protected":false},"excerpt":{"rendered":"<p>R\u00e9colt\u00e9 en Eure et Loir en Aout 2024 &nbsp; Le miel de lavande peut \u00eatre liquide, solide ou Cr\u00e9meux selon<\/p>\n","protected":false},"featured_media":16351,"comment_status":"open","ping_status":"closed","template":"","meta":[],"product_brand":[],"product_cat":[70,83],"product_tag":[],"class_list":{"0":"post-16346","1":"product","2":"type-product","3":"status-publish","4":"has-post-thumbnail","6":"product_cat-miel","7":"product_cat-produits-de-la-ruche","9":"first","10":"instock","11":"shipping-taxable","12":"purchasable","13":"product-type-variable"},"jetpack_sharing_enabled":true,"_links":{"self":[{"href":"https:\/\/www.ruchersdesyvelines.com\/new\/wp-json\/wp\/v2\/product\/16346","targetHints":{"allow":["GET"]}}],"collection":[{"href":"https:\/\/www.ruchersdesyvelines.com\/new\/wp-json\/wp\/v2\/product"}],"about":[{"href":"https:\/\/www.ruchersdesyvelines.com\/new\/wp-json\/wp\/v2\/types\/product"}],"replies":[{"embeddable":true,"href":"https:\/\/www.ruchersdesyvelines.com\/new\/wp-json\/wp\/v2\/comments?post=16346"}],"version-history":[{"count":3,"href":"https:\/\/www.ruchersdesyvelines.com\/new\/wp-json\/wp\/v2\/product\/16346\/revisions"}],"predecessor-version":[{"id":16400,"href":"https:\/\/www.ruchersdesyvelines.com\/new\/wp-json\/wp\/v2\/product\/16346\/revisions\/16400"}],"wp:featuredmedia":[{"embeddable":true,"href":"https:\/\/www.ruchersdesyvelines.com\/new\/wp-json\/wp\/v2\/media\/16351"}],"wp:attachment":[{"href":"https:\/\/www.ruchersdesyvelines.com\/new\/wp-json\/wp\/v2\/media?parent=16346"}],"wp:term":[{"taxonomy":"product_brand","embeddable":true,"href":"https:\/\/www.ruchersdesyvelines.com\/new\/wp-json\/wp\/v2\/product_brand?post=16346"},{"taxonomy":"product_cat","embeddable":true,"href":"https:\/\/www.ruchersdesyvelines.com\/new\/wp-json\/wp\/v2\/product_cat?post=16346"},{"taxonomy":"product_tag","embeddable":true,"href":"https:\/\/www.ruchersdesyvelines.com\/new\/wp-json\/wp\/v2\/product_tag?post=16346"}],"curies":[{"name":"wp","href":"https:\/\/api.w.org\/{rel}","templated":true}]}}