{"id":16300,"date":"2024-03-28T12:47:32","date_gmt":"2024-03-28T11:47:32","guid":{"rendered":"https:\/\/www.ruchersdesyvelines.com\/new\/?post_type=product&#038;p=16300"},"modified":"2026-03-09T21:05:00","modified_gmt":"2026-03-09T20:05:00","slug":"miel-de-tilleul","status":"publish","type":"product","link":"https:\/\/www.ruchersdesyvelines.com\/new\/produit\/miel-de-tilleul\/","title":{"rendered":"Miel de Tilleul 2025"},"content":{"rendered":"<p><strong>R\u00e9colt\u00e9 en Yvelines en Juillet 2024<\/strong><\/p>\n<p>Ce miel d\u2019un jaune clair ou fonc\u00e9 a un go\u00fbt fortement menthol\u00e9, frais, sans acidit\u00e9, mais l\u00e9g\u00e8rement amer.<\/p>\n<p>Issu des fleurs du m\u00eame nom.<\/p>\n","protected":false},"excerpt":{"rendered":"<p>R\u00e9colt\u00e9 en Yvelines en Juillet 2024 Ce miel d\u2019un jaune clair ou fonc\u00e9 a un go\u00fbt fortement menthol\u00e9, frais, sans<\/p>\n","protected":false},"featured_media":16301,"comment_status":"closed","ping_status":"closed","template":"","meta":[],"product_brand":[],"product_cat":[70,83],"product_tag":[],"class_list":{"0":"post-16300","1":"product","2":"type-product","3":"status-publish","4":"has-post-thumbnail","6":"product_cat-miel","7":"product_cat-produits-de-la-ruche","9":"first","10":"instock","11":"shipping-taxable","12":"purchasable","13":"product-type-variable"},"jetpack_sharing_enabled":true,"_links":{"self":[{"href":"https:\/\/www.ruchersdesyvelines.com\/new\/wp-json\/wp\/v2\/product\/16300","targetHints":{"allow":["GET"]}}],"collection":[{"href":"https:\/\/www.ruchersdesyvelines.com\/new\/wp-json\/wp\/v2\/product"}],"about":[{"href":"https:\/\/www.ruchersdesyvelines.com\/new\/wp-json\/wp\/v2\/types\/product"}],"replies":[{"embeddable":true,"href":"https:\/\/www.ruchersdesyvelines.com\/new\/wp-json\/wp\/v2\/comments?post=16300"}],"version-history":[{"count":4,"href":"https:\/\/www.ruchersdesyvelines.com\/new\/wp-json\/wp\/v2\/product\/16300\/revisions"}],"predecessor-version":[{"id":16585,"href":"https:\/\/www.ruchersdesyvelines.com\/new\/wp-json\/wp\/v2\/product\/16300\/revisions\/16585"}],"wp:featuredmedia":[{"embeddable":true,"href":"https:\/\/www.ruchersdesyvelines.com\/new\/wp-json\/wp\/v2\/media\/16301"}],"wp:attachment":[{"href":"https:\/\/www.ruchersdesyvelines.com\/new\/wp-json\/wp\/v2\/media?parent=16300"}],"wp:term":[{"taxonomy":"product_brand","embeddable":true,"href":"https:\/\/www.ruchersdesyvelines.com\/new\/wp-json\/wp\/v2\/product_brand?post=16300"},{"taxonomy":"product_cat","embeddable":true,"href":"https:\/\/www.ruchersdesyvelines.com\/new\/wp-json\/wp\/v2\/product_cat?post=16300"},{"taxonomy":"product_tag","embeddable":true,"href":"https:\/\/www.ruchersdesyvelines.com\/new\/wp-json\/wp\/v2\/product_tag?post=16300"}],"curies":[{"name":"wp","href":"https:\/\/api.w.org\/{rel}","templated":true}]}}