{"id":16066,"date":"2024-02-25T14:32:50","date_gmt":"2024-02-25T13:32:50","guid":{"rendered":"https:\/\/www.ruchersdesyvelines.com\/new\/?post_type=product&#038;p=16066"},"modified":"2025-10-27T07:49:34","modified_gmt":"2025-10-27T06:49:34","slug":"gommes-de-propolis","status":"publish","type":"product","link":"https:\/\/www.ruchersdesyvelines.com\/new\/produit\/gommes-de-propolis\/","title":{"rendered":"Gommes de Propolis"},"content":{"rendered":"<div id=\"product-infos-accordion-mobile-0\" class=\"collapse tab-content show\" role=\"tabpanel\">\n<div id=\"ma-description\" class=\"\">\n<div id=\"description\" class=\"tab-pane in active\">\n<div class=\"product-description\">\n<div class=\"rte-content\">\n<p>Propolia a mari\u00e9 les qualit\u00e9s reconnues de la\u00a0<strong>propolis<\/strong>\u00a0et du\u00a0<strong>miel<\/strong>\u00a0avec l\u2019<strong>eucalyptus<\/strong>rafra\u00eechissant pour une haleine saine.<\/p>\n<p>Un v\u00e9ritable petit plaisir actif et gourmand qui vous accompagne tout au long de la journ\u00e9e et qui vous apporte une sensation de confort imm\u00e9diat d\u00e8s la premi\u00e8re gomme !<\/p>\n<p>&nbsp;<\/p>\n<h2>Les + Propolia\u00ae<\/h2>\n<p>&nbsp;<\/p>\n<ul>\n<li><strong>Apaise et adoucit la gorge<\/strong><\/li>\n<li><strong>D\u00e9congestionne le nez et les voies respiratoires<\/strong><\/li>\n<li><strong>Rafra\u00eechit l\u2019haleine<\/strong><\/li>\n<li><strong>Riche en actifs de la ruche<\/strong>\u00a0: miel (17%) et propolis (6%)<\/li>\n<li><strong>Go\u00fbt frais\u00a0<\/strong>d\u2019eucalyptus et de menthe<\/li>\n<li>Formule exclusive\u00a0<strong>d\u00e9velopp\u00e9e dans notre laboratoire\u00a0<\/strong><strong>en France\u00a0<\/strong>(Occitanie)<\/li>\n<li><strong>Pour toute la famille\u00a0<\/strong>: Adultes et enfants d\u00e8s 6 ans<strong><br \/>\n<\/strong><\/li>\n<li><strong>100 % du total des ingr\u00e9dients sont d\u2019origine naturelle<\/strong><\/li>\n<li>Naturellement<strong>\u00a0sans gluten \u2013\u00a0<\/strong>Sans ar\u00f4mes artificiels<\/li>\n<\/ul>\n<p>\u00c9tui de 45g<\/p>\n<p>&nbsp;<\/p>\n<table border=\"1px\" width=\"369\">\n<tbody>\n<tr>\n<td colspan=\"2\"><strong>Dose Journali\u00e8re Recommand\u00e9e (DJR) \u2013 6 gommes<\/strong><\/td>\n<\/tr>\n<tr>\n<td>Miel<\/td>\n<td>935 mg<\/td>\n<\/tr>\n<tr>\n<td>Extrait de Propolis<\/td>\n<td>330 mg<\/td>\n<\/tr>\n<tr>\n<td>dont Propolis<\/td>\n<td>132 mg<\/td>\n<\/tr>\n<tr>\n<td>Huile essentielle d\u2019Eucalyptus<\/td>\n<td>13.75 mg<\/td>\n<\/tr>\n<\/tbody>\n<\/table>\n<p>&nbsp;<\/p>\n<\/div>\n<\/div>\n<\/div>\n<\/div>\n<\/div>\n<div class=\"nav-tabs\" role=\"tab\"><a id=\"ma-nav-link-1\" class=\"nav-link\" href=\"https:\/\/propolia.com\/fr\/gommes-de-propolis\/49-gommes-de-propolis-miel-eucalyptus-3760001820249.html#product-infos-accordion-mobile-1\" data-toggle=\"collapse\" data-parent=\"#product-infos-accordion-mobile\" aria-expanded=\"true\">Ingr\u00e9dients<i class=\"fa fa-angle-up float-right angle-up\" aria-hidden=\"true\"><\/i><\/a><\/div>\n<div id=\"product-infos-accordion-mobile-1\" class=\"tab-content collapse show\" role=\"tabpanel\">\n<div id=\"ma-extra-0\" class=\"\">\n<div id=\"extra-0\" class=\"tab-pane in \">\n<div class=\"rte-content\">\n<p>Gomme arabique (\u00e9paississant), Sucre roux pure canne, Miel 17%, Extrait de Propolis europ\u00e9enne purifi\u00e9e 6%, Huile Essentielle d\u2019Eucalyptus (<em>Eucalyptus Globulus<\/em>), Ar\u00f4mes Naturels de Menthe et de Menthol<\/p>\n<p>Agents d\u2019enrobage : Huile v\u00e9g\u00e9tale et cire de carnauba.<\/p>\n<p>Les listes d\u2019ingr\u00e9dients entrant dans la composition de nos produits sont r\u00e9guli\u00e8rement mises \u00e0 jour. Avant d\u2019utiliser un produit Propolia\u00ae, vous \u00eates invit\u00e9s \u00e0 lire la liste d\u2019ingr\u00e9dients figurant sur son emballage afin de vous assurer que les ingr\u00e9dients sont adapt\u00e9s \u00e0 votre utilisation personnelle.<\/p>\n<\/div>\n<\/div>\n<\/div>\n<\/div>\n<div class=\"nav-tabs\" role=\"tab\"><a id=\"ma-nav-link-2\" class=\"nav-link\" href=\"https:\/\/propolia.com\/fr\/gommes-de-propolis\/49-gommes-de-propolis-miel-eucalyptus-3760001820249.html#product-infos-accordion-mobile-2\" data-toggle=\"collapse\" data-parent=\"#product-infos-accordion-mobile\" aria-expanded=\"true\">Conseils d\u2019utilisation<i class=\"fa fa-angle-up float-right angle-up\" aria-hidden=\"true\"><\/i><\/a><\/div>\n<div id=\"product-infos-accordion-mobile-2\" class=\"tab-content collapse show\" role=\"tabpanel\">\n<div id=\"ma-extra-1\" class=\"\">\n<div id=\"extra-1\" class=\"tab-pane in \">\n<div class=\"rte-content\">\n<p>5 \u00e0 6 gommes par jour \u00e0 su\u00e7oter lentement pour une action tout au long de la journ\u00e9e.<\/p>\n<p><em>Contre-indiqu\u00e9 chez les personnes allergiques aux produits de la ruche.<\/em><br \/>\n<em>D\u00e9conseill\u00e9 aux femmes enceintes et allaitantes et aux enfants de moins de 6 ans.<\/em><br \/>\n<em>Ne se substitue pas \u00e0 une alimentation vari\u00e9e, \u00e9quilibr\u00e9e et \u00e0 un mode de vie sain.<\/em><br \/>\n<em>\u00c0 tenir hors de port\u00e9e des jeunes enfants.<\/em><br \/>\n<em>Ne pas d\u00e9passer la dose journali\u00e8re indiqu\u00e9e.<\/em><br \/>\n<em>\u00c0 conserver \u00e0 l\u2019abri de la chaleur et de l\u2019humidit\u00e9.<\/em><\/p>\n<\/div>\n<\/div>\n<\/div>\n<\/div>\n<div class=\"nav-tabs\" role=\"tab\"><a id=\"ma-nav-link-3\" class=\"nav-link\" href=\"https:\/\/propolia.com\/fr\/gommes-de-propolis\/49-gommes-de-propolis-miel-eucalyptus-3760001820249.html#product-infos-accordion-mobile-3\" data-toggle=\"collapse\" data-parent=\"#product-infos-accordion-mobile\" aria-expanded=\"true\">R\u00e8gles de tri<i class=\"fa fa-angle-up float-right angle-up\" aria-hidden=\"true\"><\/i><\/a><\/div>\n<div id=\"product-infos-accordion-mobile-3\" class=\"tab-content collapse show\" role=\"tabpanel\">\n<div id=\"ma-extra-2\" class=\"\">\n<div id=\"extra-2\" class=\"tab-pane in \">\n<div class=\"rte-content\">\n<ul>\n<li><strong>\u00c9tui carton<\/strong>\u00a0: 100% recyclable certifi\u00e9 FSC \u2013 \u00c0 mettre dans le bac de tri jaune.<\/li>\n<\/ul>\n<ul>\n<li><strong>Sachet plastique<\/strong>\u00a0: Non recyclable \u2013 \u00c0 jeter dans le bac de d\u00e9chets m\u00e9nagers.<\/li>\n<\/ul>\n<\/div>\n<\/div>\n<\/div>\n<\/div>\n","protected":false},"excerpt":{"rendered":"<p>Propolia a mari\u00e9 les qualit\u00e9s reconnues de la\u00a0<strong>propolis<\/strong>\u00a0et du\u00a0<strong>miel<\/strong>\u00a0avec l\u2019<strong>eucalyptus<\/strong>rafra\u00eechissant pour une haleine saine.<\/p>\n<p>Un v\u00e9ritable petit plaisir actif et gourmand qui vous accompagne tout au long de la journ\u00e9e et qui vous apporte une sensation de confort imm\u00e9diat d\u00e8s la premi\u00e8re gomme !<\/p>\n<p>&nbsp;<\/p>\n","protected":false},"featured_media":16067,"comment_status":"open","ping_status":"closed","template":"","meta":[],"product_brand":[],"product_cat":[83,86],"product_tag":[],"class_list":{"0":"post-16066","1":"product","2":"type-product","3":"status-publish","4":"has-post-thumbnail","6":"product_cat-produits-de-la-ruche","7":"product_cat-propolis","9":"first","10":"outofstock","11":"shipping-taxable","12":"purchasable","13":"product-type-simple"},"jetpack_sharing_enabled":true,"_links":{"self":[{"href":"https:\/\/www.ruchersdesyvelines.com\/new\/wp-json\/wp\/v2\/product\/16066","targetHints":{"allow":["GET"]}}],"collection":[{"href":"https:\/\/www.ruchersdesyvelines.com\/new\/wp-json\/wp\/v2\/product"}],"about":[{"href":"https:\/\/www.ruchersdesyvelines.com\/new\/wp-json\/wp\/v2\/types\/product"}],"replies":[{"embeddable":true,"href":"https:\/\/www.ruchersdesyvelines.com\/new\/wp-json\/wp\/v2\/comments?post=16066"}],"version-history":[{"count":1,"href":"https:\/\/www.ruchersdesyvelines.com\/new\/wp-json\/wp\/v2\/product\/16066\/revisions"}],"predecessor-version":[{"id":16068,"href":"https:\/\/www.ruchersdesyvelines.com\/new\/wp-json\/wp\/v2\/product\/16066\/revisions\/16068"}],"wp:featuredmedia":[{"embeddable":true,"href":"https:\/\/www.ruchersdesyvelines.com\/new\/wp-json\/wp\/v2\/media\/16067"}],"wp:attachment":[{"href":"https:\/\/www.ruchersdesyvelines.com\/new\/wp-json\/wp\/v2\/media?parent=16066"}],"wp:term":[{"taxonomy":"product_brand","embeddable":true,"href":"https:\/\/www.ruchersdesyvelines.com\/new\/wp-json\/wp\/v2\/product_brand?post=16066"},{"taxonomy":"product_cat","embeddable":true,"href":"https:\/\/www.ruchersdesyvelines.com\/new\/wp-json\/wp\/v2\/product_cat?post=16066"},{"taxonomy":"product_tag","embeddable":true,"href":"https:\/\/www.ruchersdesyvelines.com\/new\/wp-json\/wp\/v2\/product_tag?post=16066"}],"curies":[{"name":"wp","href":"https:\/\/api.w.org\/{rel}","templated":true}]}}