{"id":16059,"date":"2024-02-25T14:27:40","date_gmt":"2024-02-25T13:27:40","guid":{"rendered":"https:\/\/www.ruchersdesyvelines.com\/new\/?post_type=product&#038;p=16059"},"modified":"2025-10-27T07:49:50","modified_gmt":"2025-10-27T06:49:50","slug":"coffret-ruchers-des-yvelines","status":"publish","type":"product","link":"https:\/\/www.ruchersdesyvelines.com\/new\/produit\/coffret-ruchers-des-yvelines\/","title":{"rendered":"Coffret Ruchers des Yvelines"},"content":{"rendered":"<p>Un panier qui contient 7 produits de la ruche :<\/p>\n<ul>\n<li>2 pots de miel de 250g ( miel des fleurs d\u2019\u00e9t\u00e9( ch\u00e2taignier, ronce, tilleul,\u2026) , miel des fleurs de printemps)<\/li>\n<li>1 savon au miel<\/li>\n<li>1 savon au Propolis<\/li>\n<li>Une cuill\u00e8re \u00e0 miel en Bois<\/li>\n<li>Un sachet de Bonbons au miel<\/li>\n<li>1 pot de pollen des fleurs 100g<\/li>\n<\/ul>\n","protected":false},"excerpt":{"rendered":"<p>Un panier qui contient 6 produits de la ruche :<\/p>\n<ul>\n<li>2 pots de miel de 250g ( miel des fleurs d\u2019\u00e9t\u00e9( ch\u00e2taignier, ronce, tilleul,\u2026) , miel des fleurs de printemps)<\/li>\n<li>1 savon au miel<\/li>\n<li>1 savon au propolis<\/li>\n<li>Une cuill\u00e8re \u00e0 miel en Bois<\/li>\n<li>Un sachet de Bonbons au miel<\/li>\n<\/ul>\n","protected":false},"featured_media":16060,"comment_status":"open","ping_status":"closed","template":"","meta":[],"product_brand":[],"product_cat":[89,83],"product_tag":[],"class_list":{"0":"post-16059","1":"product","2":"type-product","3":"status-publish","4":"has-post-thumbnail","6":"product_cat-coffret-cadeau","7":"product_cat-produits-de-la-ruche","9":"first","10":"instock","11":"shipping-taxable","12":"purchasable","13":"product-type-simple"},"jetpack_sharing_enabled":true,"_links":{"self":[{"href":"https:\/\/www.ruchersdesyvelines.com\/new\/wp-json\/wp\/v2\/product\/16059","targetHints":{"allow":["GET"]}}],"collection":[{"href":"https:\/\/www.ruchersdesyvelines.com\/new\/wp-json\/wp\/v2\/product"}],"about":[{"href":"https:\/\/www.ruchersdesyvelines.com\/new\/wp-json\/wp\/v2\/types\/product"}],"replies":[{"embeddable":true,"href":"https:\/\/www.ruchersdesyvelines.com\/new\/wp-json\/wp\/v2\/comments?post=16059"}],"version-history":[{"count":2,"href":"https:\/\/www.ruchersdesyvelines.com\/new\/wp-json\/wp\/v2\/product\/16059\/revisions"}],"predecessor-version":[{"id":16375,"href":"https:\/\/www.ruchersdesyvelines.com\/new\/wp-json\/wp\/v2\/product\/16059\/revisions\/16375"}],"wp:featuredmedia":[{"embeddable":true,"href":"https:\/\/www.ruchersdesyvelines.com\/new\/wp-json\/wp\/v2\/media\/16060"}],"wp:attachment":[{"href":"https:\/\/www.ruchersdesyvelines.com\/new\/wp-json\/wp\/v2\/media?parent=16059"}],"wp:term":[{"taxonomy":"product_brand","embeddable":true,"href":"https:\/\/www.ruchersdesyvelines.com\/new\/wp-json\/wp\/v2\/product_brand?post=16059"},{"taxonomy":"product_cat","embeddable":true,"href":"https:\/\/www.ruchersdesyvelines.com\/new\/wp-json\/wp\/v2\/product_cat?post=16059"},{"taxonomy":"product_tag","embeddable":true,"href":"https:\/\/www.ruchersdesyvelines.com\/new\/wp-json\/wp\/v2\/product_tag?post=16059"}],"curies":[{"name":"wp","href":"https:\/\/api.w.org\/{rel}","templated":true}]}}