{"id":16056,"date":"2024-02-25T14:23:51","date_gmt":"2024-02-25T13:23:51","guid":{"rendered":"https:\/\/www.ruchersdesyvelines.com\/new\/?post_type=product&#038;p=16056"},"modified":"2025-10-27T07:49:50","modified_gmt":"2025-10-27T06:49:50","slug":"sucettes-au-mielsachet-de-10","status":"publish","type":"product","link":"https:\/\/www.ruchersdesyvelines.com\/new\/produit\/sucettes-au-mielsachet-de-10\/","title":{"rendered":"Sucettes au miel(sachet de 10)"},"content":{"rendered":"<p>Sucette au miel (10 pi\u00e8ces)<\/p>\n<ul>\n<li class=\"detail ingredients\">\n<h3>LISTE D\u2019INGR\u00c9DIENTS<\/h3>\n<p>Sucre (France), sirop de glucose, miel 15%.<\/li>\n<li class=\"detail allergenes\">\n<h3>ALLERG\u00c8NES<\/h3>\n<p>Traces \u00e9ventuelles de lait et fruits \u00e0 coque.<\/li>\n<li class=\"detail valeurs\">\n<h3>VALEURS NUTRITIONNELLES<br \/>\nPour 100g<\/h3>\n<ul>\n<li>Energie 395 kcal \/ 1676 kj<\/li>\n<li>Mati\u00e8res grasses &lt;0,5g dont Acides gras satur\u00e9s &lt;0,1g<\/li>\n<li>Glucides 97g dont sucres 79g<\/li>\n<li>Prot\u00e9ines &lt;0,5g<\/li>\n<li>Sel &lt;0,01g<\/li>\n<\/ul>\n<\/li>\n<li class=\"detail conseil\">\n<h3>LE CONSEIL DE TRI<\/h3>\n<p>Sachet plastique \u00e0 jeter. Consignes de tri pouvant varier localement, plus d\u2019informations sur\u00a0www.consignesdetri.fr<\/li>\n<li class=\"detail conservation\">\n<h3>CONSERVATION<\/h3>\n<p>A conserver \u00e0 l\u2019abri de l\u2019humidit\u00e9 et de la chaleur durant 16 mois. Apr\u00e8s ouverture \u00e0 conserver dans une boite herm\u00e9tique.<\/li>\n<li class=\"detail gencod\">Gencod : 3470201020478D\u00e9nomination l\u00e9gale de vente :<br \/>\nSucettes au Miel<\/li>\n<\/ul>\n","protected":false},"excerpt":{"rendered":"<p>Sucette au miel (10 pi\u00e8ces) LISTE D\u2019INGR\u00c9DIENTS Sucre (France), sirop de glucose, miel 15%. ALLERG\u00c8NES Traces \u00e9ventuelles de lait et<\/p>\n","protected":false},"featured_media":16057,"comment_status":"open","ping_status":"closed","template":"","meta":[],"product_brand":[],"product_cat":[88,83],"product_tag":[],"class_list":{"0":"post-16056","1":"product","2":"type-product","3":"status-publish","4":"has-post-thumbnail","6":"product_cat-bonbons","7":"product_cat-produits-de-la-ruche","9":"first","10":"instock","11":"shipping-taxable","12":"purchasable","13":"product-type-simple"},"jetpack_sharing_enabled":true,"_links":{"self":[{"href":"https:\/\/www.ruchersdesyvelines.com\/new\/wp-json\/wp\/v2\/product\/16056","targetHints":{"allow":["GET"]}}],"collection":[{"href":"https:\/\/www.ruchersdesyvelines.com\/new\/wp-json\/wp\/v2\/product"}],"about":[{"href":"https:\/\/www.ruchersdesyvelines.com\/new\/wp-json\/wp\/v2\/types\/product"}],"replies":[{"embeddable":true,"href":"https:\/\/www.ruchersdesyvelines.com\/new\/wp-json\/wp\/v2\/comments?post=16056"}],"version-history":[{"count":1,"href":"https:\/\/www.ruchersdesyvelines.com\/new\/wp-json\/wp\/v2\/product\/16056\/revisions"}],"predecessor-version":[{"id":16058,"href":"https:\/\/www.ruchersdesyvelines.com\/new\/wp-json\/wp\/v2\/product\/16056\/revisions\/16058"}],"wp:featuredmedia":[{"embeddable":true,"href":"https:\/\/www.ruchersdesyvelines.com\/new\/wp-json\/wp\/v2\/media\/16057"}],"wp:attachment":[{"href":"https:\/\/www.ruchersdesyvelines.com\/new\/wp-json\/wp\/v2\/media?parent=16056"}],"wp:term":[{"taxonomy":"product_brand","embeddable":true,"href":"https:\/\/www.ruchersdesyvelines.com\/new\/wp-json\/wp\/v2\/product_brand?post=16056"},{"taxonomy":"product_cat","embeddable":true,"href":"https:\/\/www.ruchersdesyvelines.com\/new\/wp-json\/wp\/v2\/product_cat?post=16056"},{"taxonomy":"product_tag","embeddable":true,"href":"https:\/\/www.ruchersdesyvelines.com\/new\/wp-json\/wp\/v2\/product_tag?post=16056"}],"curies":[{"name":"wp","href":"https:\/\/api.w.org\/{rel}","templated":true}]}}