{"id":15840,"date":"2024-01-10T16:42:18","date_gmt":"2024-01-10T15:42:18","guid":{"rendered":"http:\/\/127.0.0.1\/r1\/?post_type=product&#038;p=15840"},"modified":"2025-10-27T07:49:50","modified_gmt":"2025-10-27T06:49:50","slug":"cellule-royale","status":"publish","type":"product","link":"https:\/\/www.ruchersdesyvelines.com\/new\/produit\/cellule-royale\/","title":{"rendered":"Cellule royale"},"content":{"rendered":"<p>Conditions de vente :<br \/>\nDes cellules royales s\u00e9lectionn\u00e9es de m\u00e8re F0<br \/>\nLes cellules royales sont livr\u00e9es \u00e0 l\u2019\u00e2ge de j+10<\/p>\n<p>A retirer sur place sur commande.<\/p>\n","protected":false},"excerpt":{"rendered":"<p>Conditions de vente :<br \/>\nDes cellules royales s\u00e9lectionn\u00e9es de m\u00e8re F0<br \/>\nLes cellules royales sont livr\u00e9es \u00e0 l\u2019\u00e2ge de j+10<\/p>\n<p>A retirer sur place sur commande.<\/p>\n","protected":false},"featured_media":15841,"comment_status":"open","ping_status":"closed","template":"","meta":[],"product_brand":[],"product_cat":[74,78],"product_tag":[],"class_list":{"0":"post-15840","1":"product","2":"type-product","3":"status-publish","4":"has-post-thumbnail","6":"product_cat-essaims-ruches","7":"product_cat-la-cellule-royale","9":"first","10":"instock","11":"shipping-taxable","12":"purchasable","13":"product-type-simple"},"jetpack_sharing_enabled":true,"_links":{"self":[{"href":"https:\/\/www.ruchersdesyvelines.com\/new\/wp-json\/wp\/v2\/product\/15840","targetHints":{"allow":["GET"]}}],"collection":[{"href":"https:\/\/www.ruchersdesyvelines.com\/new\/wp-json\/wp\/v2\/product"}],"about":[{"href":"https:\/\/www.ruchersdesyvelines.com\/new\/wp-json\/wp\/v2\/types\/product"}],"replies":[{"embeddable":true,"href":"https:\/\/www.ruchersdesyvelines.com\/new\/wp-json\/wp\/v2\/comments?post=15840"}],"version-history":[{"count":1,"href":"https:\/\/www.ruchersdesyvelines.com\/new\/wp-json\/wp\/v2\/product\/15840\/revisions"}],"predecessor-version":[{"id":15842,"href":"https:\/\/www.ruchersdesyvelines.com\/new\/wp-json\/wp\/v2\/product\/15840\/revisions\/15842"}],"wp:featuredmedia":[{"embeddable":true,"href":"https:\/\/www.ruchersdesyvelines.com\/new\/wp-json\/wp\/v2\/media\/15841"}],"wp:attachment":[{"href":"https:\/\/www.ruchersdesyvelines.com\/new\/wp-json\/wp\/v2\/media?parent=15840"}],"wp:term":[{"taxonomy":"product_brand","embeddable":true,"href":"https:\/\/www.ruchersdesyvelines.com\/new\/wp-json\/wp\/v2\/product_brand?post=15840"},{"taxonomy":"product_cat","embeddable":true,"href":"https:\/\/www.ruchersdesyvelines.com\/new\/wp-json\/wp\/v2\/product_cat?post=15840"},{"taxonomy":"product_tag","embeddable":true,"href":"https:\/\/www.ruchersdesyvelines.com\/new\/wp-json\/wp\/v2\/product_tag?post=15840"}],"curies":[{"name":"wp","href":"https:\/\/api.w.org\/{rel}","templated":true}]}}