{"id":15821,"date":"2024-01-10T16:30:27","date_gmt":"2024-01-10T15:30:27","guid":{"rendered":"http:\/\/127.0.0.1\/r1\/?post_type=product&#038;p=15821"},"modified":"2026-03-11T15:19:16","modified_gmt":"2026-03-11T14:19:16","slug":"essaim-buckfast-2026","status":"publish","type":"product","link":"https:\/\/www.ruchersdesyvelines.com\/new\/produit\/essaim-buckfast-2026\/","title":{"rendered":"Essaim Buckfast 2026  (Hivern\u00e9 170\u20ac ou de l&rsquo;Ann\u00e9e 160\u20ac)"},"content":{"rendered":"\t\t<div data-elementor-type=\"wp-post\" data-elementor-id=\"15821\" class=\"elementor elementor-15821\">\n\t\t\t\t\t\t<section class=\"elementor-section elementor-top-section elementor-element elementor-element-82e6617 elementor-section-boxed elementor-section-height-default elementor-section-height-default wd-section-disabled\" data-id=\"82e6617\" data-element_type=\"section\" data-e-type=\"section\">\n\t\t\t\t\t\t<div class=\"elementor-container elementor-column-gap-default\">\n\t\t\t\t\t<div class=\"elementor-column elementor-col-100 elementor-top-column elementor-element elementor-element-dd77449\" data-id=\"dd77449\" data-element_type=\"column\" data-e-type=\"column\">\n\t\t\t<div class=\"elementor-widget-wrap elementor-element-populated\">\n\t\t\t\t\t\t<div class=\"elementor-element elementor-element-17bba59 color-scheme-inherit text-left elementor-widget elementor-widget-text-editor\" data-id=\"17bba59\" data-element_type=\"widget\" data-e-type=\"widget\" data-widget_type=\"text-editor.default\">\n\t\t\t\t<div class=\"elementor-widget-container\">\n\t\t\t\t\t\t\t\t\t<h5><span style=\"color: #333399;\">Nous avons deux types des essaims, des essaims hivern\u00e9s ou des essaims de l&rsquo;ann\u00e9e, MERCI de pr\u00e9ciser le type d&rsquo;essaim r\u00e9serv\u00e9 en commentaire \u00e0 l&rsquo;\u00e9tape du paiement d&rsquo;acompte.<\/span><\/h5><h1 style=\"text-align: center;\"><span style=\"color: #0000ff;\">Essaim Buckfast Hivern\u00e9 (MAI 2026) :\u00a0 \u00a0 180\u20ac TTC.<\/span><\/h1><p>-Les essaims hivern\u00e9s Buckfast Dadant pour l\u2019ann\u00e9e 2026 sont avec des reines F1 de race Buckfast hivern\u00e9es s\u00e9lectionn\u00e9es de 2025, marqu\u00e9es en bleu et s\u00e9lectionn\u00e9es de m\u00e8res F0.<br \/>-Les essaims sont constitu\u00e9s de 6 cadres: 3 cadres de couvain, 2 cadres de r\u00e9serve et 1 cadre en cours de construction.<br \/>-Les essaims ont \u00e9t\u00e9 trait\u00e9s contre le Varroa \u00e0 l\u2019Apivard et Varromed en mois d\u2019octobre 2025 et sains de toutes maladies.<\/p><p>-La livraison des essaims se d\u00e9roule \u00e0 la miellerie de Trappes , La p\u00e9pini\u00e8re d\u2019entreprises, 5 rue Maurice Thorez 78190 Trappes, de d\u00e9but du mois de mai jusqu&rsquo;au d\u00e9but du mois de juin.<\/p><p>-les essaims seront contr\u00f4l\u00e9s une semaine avant l\u2019enl\u00e8vement afin d\u2019assurer la qualit\u00e9 de chaque essaim.<br \/>-Une ruchette de transport fournie contre un caution de 25\u20ac \u00a0\u00bb ch\u00e8que ou esp\u00e8ce \u00a0\u00bb qui sera restitu\u00e9 lors de la r\u00e9cup\u00e9ration de la ruchette.<br \/>-Les essaims sont garantis 2 semaines en \u00e9change.<br \/>-La r\u00e9servation est obligatoire (acompte 40\u20ac).<br \/>-Nous vous contacterons 7 jours avant la date de retrait afin de fixer un rendez-vous.<br \/>-Il est pr\u00e9f\u00e9rable de ramener votre combinaison, enfumoir et combustible.<br \/>-Des conseils seront publi\u00e9s sur notre site internet et la page Facebook ,Ruchers Des Yvelines, pour vous aider \u00e0 mieux g\u00e9rer vos colonies.<br \/>-Pour une commande de 20 ou plus, veuillez nous contactez pour un devis.<\/p><p>Votre acompte vous sera rembours\u00e9 en cas d\u2019impr\u00e9vu et annulation du r\u00e9servation de notre part.<\/p><p style=\"text-align: center;\"><span style=\"color: #333399;\"><strong>Disponible aussi:<\/strong><\/span><\/p><p style=\"text-align: center;\"><span style=\"color: #333399;\"><strong>\u00a0<\/strong><\/span><\/p><h1 style=\"text-align: center;\"><strong><span style=\"color: #0000ff;\">Essaim Buckfast de l&rsquo;ann\u00e9e (JUIN 2026) :\u00a0 \u00a0170\u20ac TTC.<\/span><\/strong><\/h1><p>\u2013 Essaims Buckfast de l\u2019ann\u00e9e sur 5 cadres : 3 cadres de couvains, 1 cadre de r\u00e9serve et 1 cadre en cours de construction.<br \/>\u2013 Les essaims sont avec des reines F1 de race Buckfast s\u00e9lectionn\u00e9es de 2026, marqu\u00e9es en blanc et s\u00e9lectionn\u00e9es de m\u00e8res F0 .<\/p><p>&#8211; Les essaims seront trait\u00e9s contre le Varroa au Varromed avant la livraison .<br \/>\u2013 Une ruchette de transport fournie contre un caution de 25\u20ac \u00bb ch\u00e8que ou esp\u00e8ce \u00bb qui sera restitu\u00e9 lors de la r\u00e9cup\u00e9ration de la ruchette.<\/p><p>\u2013 La livraison sera sur place \u00e0 partir de 15 juin 2026, \u00e0 l\u2019adresse suivante \u00bb La p\u00e9pini\u00e8re des entreprises, 5 rue Maurice Thorez 78190 Trappes \u00bb.<\/p><p>\u2013 Un contr\u00f4le sanitaire des colonies sera effectu\u00e9 avant la livraison : la qualit\u00e9 du ponte de la reine, la propret\u00e9 du couvain et la quantit\u00e9 suffisante de r\u00e9serve.<br \/>\u2013 Nos essaims sont garantis 15 jours \u00bb \u00e9change, mais pas de retour \u00bb \u00e0 compter du jour de retrait.<br \/>\u2013 Nous vous contacterons 7 jours avant la date d\u2019enl\u00e8vement afin de fixer un rendez-vous.<br \/>\u2013 Il est pr\u00e9f\u00e9rable de ramener votre combinaison, enfumoir et combustible.<\/p><p>\u2013 Les r\u00e9servations sont obligatoires (acompte 40\u20ac).<br \/>-Pour une commande de 20 essaims ou plus, veuillez nous contactez pour un devis.<\/p><p>Votre acompte vous sera rembours\u00e9 en cas d\u2019impr\u00e9vu et annulation du r\u00e9servation de notre part<\/p>\t\t\t\t\t\t\t\t<\/div>\n\t\t\t\t<\/div>\n\t\t\t\t\t<\/div>\n\t\t<\/div>\n\t\t\t\t\t<\/div>\n\t\t<\/section>\n\t\t\t\t<\/div>\n\t\t","protected":false},"excerpt":{"rendered":"<div class=\"woocommerce-product-details__short-description\">\n<h4><strong><span style=\"color: #0000ff;\">Montant de r\u00e9servation (acompte)<\/span><\/strong><\/h4>\n<\/div>\n","protected":false},"featured_media":16364,"comment_status":"closed","ping_status":"closed","template":"","meta":[],"product_brand":[],"product_cat":[74,76],"product_tag":[],"class_list":{"0":"post-15821","1":"product","2":"type-product","3":"status-publish","4":"has-post-thumbnail","6":"product_cat-essaims-ruches","7":"product_cat-les-essaims","9":"first","10":"instock","11":"featured","12":"shipping-taxable","13":"purchasable","14":"product-type-simple"},"jetpack_sharing_enabled":true,"_links":{"self":[{"href":"https:\/\/www.ruchersdesyvelines.com\/new\/wp-json\/wp\/v2\/product\/15821","targetHints":{"allow":["GET"]}}],"collection":[{"href":"https:\/\/www.ruchersdesyvelines.com\/new\/wp-json\/wp\/v2\/product"}],"about":[{"href":"https:\/\/www.ruchersdesyvelines.com\/new\/wp-json\/wp\/v2\/types\/product"}],"replies":[{"embeddable":true,"href":"https:\/\/www.ruchersdesyvelines.com\/new\/wp-json\/wp\/v2\/comments?post=15821"}],"version-history":[{"count":23,"href":"https:\/\/www.ruchersdesyvelines.com\/new\/wp-json\/wp\/v2\/product\/15821\/revisions"}],"predecessor-version":[{"id":16587,"href":"https:\/\/www.ruchersdesyvelines.com\/new\/wp-json\/wp\/v2\/product\/15821\/revisions\/16587"}],"wp:featuredmedia":[{"embeddable":true,"href":"https:\/\/www.ruchersdesyvelines.com\/new\/wp-json\/wp\/v2\/media\/16364"}],"wp:attachment":[{"href":"https:\/\/www.ruchersdesyvelines.com\/new\/wp-json\/wp\/v2\/media?parent=15821"}],"wp:term":[{"taxonomy":"product_brand","embeddable":true,"href":"https:\/\/www.ruchersdesyvelines.com\/new\/wp-json\/wp\/v2\/product_brand?post=15821"},{"taxonomy":"product_cat","embeddable":true,"href":"https:\/\/www.ruchersdesyvelines.com\/new\/wp-json\/wp\/v2\/product_cat?post=15821"},{"taxonomy":"product_tag","embeddable":true,"href":"https:\/\/www.ruchersdesyvelines.com\/new\/wp-json\/wp\/v2\/product_tag?post=15821"}],"curies":[{"name":"wp","href":"https:\/\/api.w.org\/{rel}","templated":true}]}}