{"id":15646,"date":"2023-09-06T20:23:46","date_gmt":"2023-09-06T18:23:46","guid":{"rendered":"http:\/\/127.0.0.1\/r1\/?post_type=product&#038;p=15646"},"modified":"2025-10-27T07:49:34","modified_gmt":"2025-10-27T06:49:34","slug":"miel-de-toutes-fleurs-dete","status":"publish","type":"product","link":"https:\/\/www.ruchersdesyvelines.com\/new\/produit\/miel-de-toutes-fleurs-dete\/","title":{"rendered":"Miel de toutes fleurs d\u2019\u00e9t\u00e9"},"content":{"rendered":"<p><strong>R\u00e9colte mois de juillet et mois de ao\u00fbt 2024<\/strong><\/p>\n<p>Le Miel de Toutes Fleurs d\u2019\u00e9t\u00e9 se compose principalement de fleurs de ch\u00e2taignier mais aussi de ronce et de tilleul.<\/p>\n<p>Il est con\u00e7u dans notre atelier d\u2019apiculture \u00e0 partir de nos ruchers en Yvelines et dans l\u2019Essonne.<\/p>\n<p>Le miel Toutes Fleurs d\u2019\u00e9t\u00e9 est en grande partie constitu\u00e9 de fleurs de Ch\u00e2taignier, qui a plusieurs vertus pour l\u2019organisme.<br \/>\nC\u2019est un produit riche en vitamines, en min\u00e9raux et en oligo-\u00e9l\u00e9ments .<\/p>\n","protected":false},"excerpt":{"rendered":"<p>R\u00e9colte mois de juillet et mois de ao\u00fbt 2024 Le Miel de Toutes Fleurs d\u2019\u00e9t\u00e9 se compose principalement de fleurs<\/p>\n","protected":false},"featured_media":15671,"comment_status":"open","ping_status":"closed","template":"","meta":[],"product_brand":[],"product_cat":[70],"product_tag":[],"class_list":{"0":"post-15646","1":"product","2":"type-product","3":"status-publish","4":"has-post-thumbnail","6":"product_cat-miel","8":"first","9":"instock","10":"shipping-taxable","11":"purchasable","12":"product-type-variable"},"jetpack_sharing_enabled":true,"_links":{"self":[{"href":"https:\/\/www.ruchersdesyvelines.com\/new\/wp-json\/wp\/v2\/product\/15646","targetHints":{"allow":["GET"]}}],"collection":[{"href":"https:\/\/www.ruchersdesyvelines.com\/new\/wp-json\/wp\/v2\/product"}],"about":[{"href":"https:\/\/www.ruchersdesyvelines.com\/new\/wp-json\/wp\/v2\/types\/product"}],"replies":[{"embeddable":true,"href":"https:\/\/www.ruchersdesyvelines.com\/new\/wp-json\/wp\/v2\/comments?post=15646"}],"version-history":[{"count":4,"href":"https:\/\/www.ruchersdesyvelines.com\/new\/wp-json\/wp\/v2\/product\/15646\/revisions"}],"predecessor-version":[{"id":16526,"href":"https:\/\/www.ruchersdesyvelines.com\/new\/wp-json\/wp\/v2\/product\/15646\/revisions\/16526"}],"wp:featuredmedia":[{"embeddable":true,"href":"https:\/\/www.ruchersdesyvelines.com\/new\/wp-json\/wp\/v2\/media\/15671"}],"wp:attachment":[{"href":"https:\/\/www.ruchersdesyvelines.com\/new\/wp-json\/wp\/v2\/media?parent=15646"}],"wp:term":[{"taxonomy":"product_brand","embeddable":true,"href":"https:\/\/www.ruchersdesyvelines.com\/new\/wp-json\/wp\/v2\/product_brand?post=15646"},{"taxonomy":"product_cat","embeddable":true,"href":"https:\/\/www.ruchersdesyvelines.com\/new\/wp-json\/wp\/v2\/product_cat?post=15646"},{"taxonomy":"product_tag","embeddable":true,"href":"https:\/\/www.ruchersdesyvelines.com\/new\/wp-json\/wp\/v2\/product_tag?post=15646"}],"curies":[{"name":"wp","href":"https:\/\/api.w.org\/{rel}","templated":true}]}}