{"id":15640,"date":"2023-09-06T20:20:54","date_gmt":"2023-09-06T18:20:54","guid":{"rendered":"http:\/\/127.0.0.1\/r1\/?post_type=product&#038;p=15640"},"modified":"2026-03-14T19:52:45","modified_gmt":"2026-03-14T18:52:45","slug":"miel-de-fleurs-de-printemps","status":"publish","type":"product","link":"https:\/\/www.ruchersdesyvelines.com\/new\/produit\/miel-de-fleurs-de-printemps\/","title":{"rendered":"Miel de fleurs de Printemps"},"content":{"rendered":"<p><strong>R\u00e9colt\u00e9 dans les Yvelines en juin 2025<\/strong><\/p>\n<p>Miel polyfloral, le miel de printemps est un miel de couleur claire et dont les ar\u00f4mes de fleurs sont tr\u00e8s doux et rappellent ce qui le compose, \u00e0 savoir le colza, certains arbres fruitiers (pommier, cerisier) ou encore le pissenlit et le tr\u00e8fle.<\/p>\n<p>Miel qui se cristallise trop vite.<\/p>\n<p>Ses saveurs sont acidul\u00e9es et les effluves de son parfum frais sont agr\u00e9ables \u00e0 l\u2019odorat.<\/p>\n<p>Subtil et fruit\u00e9, ce miel d\u2019exception a un go\u00fbt raffin\u00e9, sans \u00eatre trop suc\u00e9, r\u00e9colt\u00e9 dans la plus pure tradition, il regorge de bienfaits pour la sant\u00e9.<\/p>\n","protected":false},"excerpt":{"rendered":"<p>R\u00e9colt\u00e9 dans les Yvelines en juin 2025 Miel polyfloral, le miel de printemps est un miel de couleur claire et<\/p>\n","protected":false},"featured_media":15673,"comment_status":"open","ping_status":"closed","template":"","meta":[],"product_brand":[],"product_cat":[70],"product_tag":[],"class_list":{"0":"post-15640","1":"product","2":"type-product","3":"status-publish","4":"has-post-thumbnail","6":"product_cat-miel","8":"first","9":"instock","10":"shipping-taxable","11":"purchasable","12":"product-type-variable"},"jetpack_sharing_enabled":true,"_links":{"self":[{"href":"https:\/\/www.ruchersdesyvelines.com\/new\/wp-json\/wp\/v2\/product\/15640","targetHints":{"allow":["GET"]}}],"collection":[{"href":"https:\/\/www.ruchersdesyvelines.com\/new\/wp-json\/wp\/v2\/product"}],"about":[{"href":"https:\/\/www.ruchersdesyvelines.com\/new\/wp-json\/wp\/v2\/types\/product"}],"replies":[{"embeddable":true,"href":"https:\/\/www.ruchersdesyvelines.com\/new\/wp-json\/wp\/v2\/comments?post=15640"}],"version-history":[{"count":8,"href":"https:\/\/www.ruchersdesyvelines.com\/new\/wp-json\/wp\/v2\/product\/15640\/revisions"}],"predecessor-version":[{"id":16522,"href":"https:\/\/www.ruchersdesyvelines.com\/new\/wp-json\/wp\/v2\/product\/15640\/revisions\/16522"}],"wp:featuredmedia":[{"embeddable":true,"href":"https:\/\/www.ruchersdesyvelines.com\/new\/wp-json\/wp\/v2\/media\/15673"}],"wp:attachment":[{"href":"https:\/\/www.ruchersdesyvelines.com\/new\/wp-json\/wp\/v2\/media?parent=15640"}],"wp:term":[{"taxonomy":"product_brand","embeddable":true,"href":"https:\/\/www.ruchersdesyvelines.com\/new\/wp-json\/wp\/v2\/product_brand?post=15640"},{"taxonomy":"product_cat","embeddable":true,"href":"https:\/\/www.ruchersdesyvelines.com\/new\/wp-json\/wp\/v2\/product_cat?post=15640"},{"taxonomy":"product_tag","embeddable":true,"href":"https:\/\/www.ruchersdesyvelines.com\/new\/wp-json\/wp\/v2\/product_tag?post=15640"}],"curies":[{"name":"wp","href":"https:\/\/api.w.org\/{rel}","templated":true}]}}