{"id":15634,"date":"2023-09-06T20:17:40","date_gmt":"2023-09-06T18:17:40","guid":{"rendered":"http:\/\/127.0.0.1\/r1\/?post_type=product&#038;p=15634"},"modified":"2025-10-27T07:49:50","modified_gmt":"2025-10-27T06:49:50","slug":"miel-dacacia","status":"publish","type":"product","link":"https:\/\/www.ruchersdesyvelines.com\/new\/produit\/miel-dacacia\/","title":{"rendered":"Miel d\u2019Acacia"},"content":{"rendered":"<p><strong>R\u00e9colte de mois de Juillet 2023.<\/strong><\/p>\n<p>D\u2019une couleur jaune-or clair, le miel d\u2019acacia est recueilli sur l\u2019arbre qui porte son nom. Ce miel a une odeur l\u00e9g\u00e8re et une saveur tr\u00e8s douce. En cuisine, il est principalement utilis\u00e9 pour sucrer les boissons chaudes ou froides puisqu\u2019il a une forte teneur en fructose.<\/p>\n<p>Miel r\u00e9colt\u00e9 en Yvelines et dans l\u2019Essonne.<\/p>\n","protected":false},"excerpt":{"rendered":"<p>R\u00e9colte de mois de Juillet 2023. D\u2019une couleur jaune-or clair, le miel d\u2019acacia est recueilli sur l\u2019arbre qui porte son<\/p>\n","protected":false},"featured_media":15674,"comment_status":"open","ping_status":"closed","template":"","meta":[],"product_brand":[],"product_cat":[70,83],"product_tag":[],"class_list":{"0":"post-15634","1":"product","2":"type-product","3":"status-publish","4":"has-post-thumbnail","6":"product_cat-miel","7":"product_cat-produits-de-la-ruche","9":"first","10":"instock","11":"shipping-taxable","12":"purchasable","13":"product-type-variable"},"jetpack_sharing_enabled":true,"_links":{"self":[{"href":"https:\/\/www.ruchersdesyvelines.com\/new\/wp-json\/wp\/v2\/product\/15634","targetHints":{"allow":["GET"]}}],"collection":[{"href":"https:\/\/www.ruchersdesyvelines.com\/new\/wp-json\/wp\/v2\/product"}],"about":[{"href":"https:\/\/www.ruchersdesyvelines.com\/new\/wp-json\/wp\/v2\/types\/product"}],"replies":[{"embeddable":true,"href":"https:\/\/www.ruchersdesyvelines.com\/new\/wp-json\/wp\/v2\/comments?post=15634"}],"version-history":[{"count":4,"href":"https:\/\/www.ruchersdesyvelines.com\/new\/wp-json\/wp\/v2\/product\/15634\/revisions"}],"predecessor-version":[{"id":16314,"href":"https:\/\/www.ruchersdesyvelines.com\/new\/wp-json\/wp\/v2\/product\/15634\/revisions\/16314"}],"wp:featuredmedia":[{"embeddable":true,"href":"https:\/\/www.ruchersdesyvelines.com\/new\/wp-json\/wp\/v2\/media\/15674"}],"wp:attachment":[{"href":"https:\/\/www.ruchersdesyvelines.com\/new\/wp-json\/wp\/v2\/media?parent=15634"}],"wp:term":[{"taxonomy":"product_brand","embeddable":true,"href":"https:\/\/www.ruchersdesyvelines.com\/new\/wp-json\/wp\/v2\/product_brand?post=15634"},{"taxonomy":"product_cat","embeddable":true,"href":"https:\/\/www.ruchersdesyvelines.com\/new\/wp-json\/wp\/v2\/product_cat?post=15634"},{"taxonomy":"product_tag","embeddable":true,"href":"https:\/\/www.ruchersdesyvelines.com\/new\/wp-json\/wp\/v2\/product_tag?post=15634"}],"curies":[{"name":"wp","href":"https:\/\/api.w.org\/{rel}","templated":true}]}}