{"id":16203,"date":"2024-03-21T12:37:26","date_gmt":"2024-03-21T11:37:26","guid":{"rendered":"https:\/\/www.ruchersdesyvelines.com\/new\/?page_id=16203"},"modified":"2024-11-22T11:26:11","modified_gmt":"2024-11-22T10:26:11","slug":"conditions-generales-de-vente-cgv","status":"publish","type":"page","link":"https:\/\/www.ruchersdesyvelines.com\/new\/conditions-generales-de-vente-cgv\/","title":{"rendered":"Conditions g\u00e9n\u00e9rales de vente (CGV)"},"content":{"rendered":"\n<p class=\"has-black-color has-text-color has-link-color wp-elements-01c12549efaa71f31454cff8781b103d\">\/ APER\u00c7U<\/p>\n\n\n\n<p>Ce site Web est exploit\u00e9 par<strong>&nbsp;AMOR KAABIA<\/strong> , l&rsquo; apiculteur. <\/p>\n\n\n\n<p>Sur ce site, les termes \u00ab\u00a0nous\u00a0\u00bb, \u00ab\u00a0notre\u00a0\u00bb et \u00ab\u00a0nos\u00a0\u00bb font r\u00e9f\u00e9rence \u00e0 Ruchers des Yvelines,&nbsp;&nbsp;propose ce site Web, y compris toutes les informations, outils et services disponibles sur ce site pour vous, l&rsquo;utilisateur, sous r\u00e9serve de votre acceptation de tous les termes, conditions, politiques et avis \u00e9nonc\u00e9s ici.<\/p>\n\n\n\n<p>En visitant notre site et\/ou en achetant quelque chose chez nous, vous vous engagez dans notre \u00ab\u00a0Service\u00a0\u00bb et acceptez d&rsquo;\u00eatre li\u00e9 par les termes et conditions suivants (\u00ab\u00a0Conditions d&rsquo;utilisation\u00a0\u00bb, \u00ab\u00a0Conditions\u00a0\u00bb), y compris ces termes et conditions et politiques suppl\u00e9mentaires r\u00e9f\u00e9renc\u00e9 ici et\/ou disponible par hyperlien. Ces conditions d&rsquo;utilisation s&rsquo;appliquent \u00e0 tous les utilisateurs du site, y compris, sans s&rsquo;y limiter, les utilisateurs qui sont des navigateurs, des fournisseurs, des clients, des marchands et\/ou des contributeurs de contenu.<\/p>\n\n\n\n<p>Veuillez lire attentivement ces conditions d&rsquo;utilisation avant d&rsquo;acc\u00e9der ou d&rsquo;utiliser notre site Web. En acc\u00e9dant ou en utilisant n&rsquo;importe quelle partie du site, vous acceptez d&rsquo;\u00eatre li\u00e9 par ces conditions d&rsquo;utilisation. Si vous n&rsquo;acceptez pas tous les termes et conditions de cet accord, vous ne pouvez pas acc\u00e9der au site Web ni utiliser les services. Si ces conditions d&rsquo;utilisation sont consid\u00e9r\u00e9es comme une offre, l&rsquo;acceptation est express\u00e9ment limit\u00e9e \u00e0 ces conditions d&rsquo;utilisation.<\/p>\n\n\n\n<p>Toute nouvelle fonctionnalit\u00e9 ou tout nouvel outil ajout\u00e9 \u00e0 la boutique actuelle sera \u00e9galement soumis aux Conditions d&rsquo;utilisation. Vous pouvez consulter la version la plus r\u00e9cente des Conditions d&rsquo;utilisation \u00e0 tout moment sur cette page. Nous nous r\u00e9servons le droit de mettre \u00e0 jour, de modifier ou de remplacer toute partie de ces conditions d&rsquo;utilisation en publiant des mises \u00e0 jour et\/ou des modifications sur notre site Web. Il est de votre responsabilit\u00e9 de v\u00e9rifier p\u00e9riodiquement cette page pour les changements. Votre utilisation continue ou votre acc\u00e8s au site Web apr\u00e8s la publication de toute modification constitue une acceptation de ces modifications.<\/p>\n\n\n\n<p>Notre boutique est h\u00e9berg\u00e9e sur IKOULA  Inc. Ils nous fournissent la plate-forme de commerce \u00e9lectronique en ligne qui nous permet de vous vendre nos produits et services.<\/p>\n\n\n\n<p>SECTION 1 &#8211; CONDITIONS DE LA BOUTIQUE EN LIGNE<\/p>\n\n\n\n<p>En acceptant ces conditions d&rsquo;utilisation, vous d\u00e9clarez que vous avez au moins l&rsquo;\u00e2ge de la majorit\u00e9 dans votre \u00e9tat ou province de r\u00e9sidence, ou que vous avez l&rsquo;\u00e2ge de la majorit\u00e9 dans votre \u00e9tat ou province de r\u00e9sidence et que vous nous avez donn\u00e9 votre consentement pour permettre \u00e0 l&rsquo;une de vos personnes \u00e0 charge mineures d&rsquo;utiliser ce site.<\/p>\n\n\n\n<p>Vous ne pouvez pas utiliser nos produits \u00e0 des fins ill\u00e9gales ou non autoris\u00e9es et vous ne pouvez pas non plus, dans l&rsquo;utilisation du Service, enfreindre les lois de votre juridiction (y compris, mais sans s&rsquo;y limiter, les lois sur le droit d&rsquo;auteur).<\/p>\n\n\n\n<p>Vous ne devez pas transmettre de vers, de virus ou de code de nature destructrice.<\/p>\n\n\n\n<p>Une violation ou une violation de l&rsquo;une des Conditions entra\u00eenera une r\u00e9siliation imm\u00e9diate de vos Services.<\/p>\n\n\n\n<p>ARTICLE 2 &#8211; CONDITIONS G\u00c9N\u00c9RALES<\/p>\n\n\n\n<p>Nous nous r\u00e9servons le droit de refuser le service \u00e0 quiconque pour quelque raison que ce soit et \u00e0 tout moment.<\/p>\n\n\n\n<p>Vous comprenez que votre contenu (\u00e0 l&rsquo;exclusion des informations de carte de cr\u00e9dit) peut \u00eatre transf\u00e9r\u00e9 en clair et impliquer (a) des transmissions sur divers r\u00e9seaux ; et (b) des changements pour se conformer et s&rsquo;adapter aux exigences techniques des r\u00e9seaux ou appareils de connexion. Les informations de carte de cr\u00e9dit sont toujours crypt\u00e9es lors du transfert sur les r\u00e9seaux.<\/p>\n\n\n\n<p>Vous acceptez de ne pas reproduire, dupliquer, copier, vendre, revendre ou exploiter toute partie du Service, l&rsquo;utilisation du Service ou l&rsquo;acc\u00e8s au Service ou tout contact sur le site Web par lequel le Service est fourni, sans autorisation \u00e9crite expresse de notre part. .<\/p>\n\n\n\n<p>Les titres utilis\u00e9s dans cet accord sont inclus uniquement pour des raisons de commodit\u00e9 et ne limiteront ni n&rsquo;affecteront autrement ces Conditions.<\/p>\n\n\n\n<p>SECTION 3 &#8211; EXACTITUDE, EXHAUSTIVIT\u00c9 ET ACTUALIT\u00c9 DES INFORMATIONS<\/p>\n\n\n\n<p>Nous ne sommes pas responsables si les informations mises \u00e0 disposition sur ce site ne sont pas exactes, compl\u00e8tes ou \u00e0 jour. Le contenu de ce site est fourni \u00e0 titre d&rsquo;information g\u00e9n\u00e9rale uniquement et ne doit pas \u00eatre invoqu\u00e9 ou utilis\u00e9 comme seule base pour prendre des d\u00e9cisions sans consulter des sources d&rsquo;information primaires, plus pr\u00e9cises, plus compl\u00e8tes ou plus opportunes. Toute confiance dans le mat\u00e9riel de ce site est \u00e0 vos risques et p\u00e9rils.<\/p>\n\n\n\n<p>Ce site peut contenir certaines informations historiques. Les informations historiques, n\u00e9cessairement, ne sont pas \u00e0 jour et sont fournies \u00e0 titre de r\u00e9f\u00e9rence uniquement. Nous nous r\u00e9servons le droit de modifier le contenu de ce site \u00e0 tout moment, mais nous n&rsquo;avons aucune obligation de mettre \u00e0 jour les informations sur notre site. Vous convenez qu&rsquo;il est de votre responsabilit\u00e9 de surveiller les modifications apport\u00e9es \u00e0 notre site.<\/p>\n\n\n\n<p>ARTICLE 4 &#8211; MODIFICATIONS DU SERVICE ET DES PRIX<\/p>\n\n\n\n<p>Les prix de nos produits sont sujets \u00e0 changement sans pr\u00e9avis.<\/p>\n\n\n\n<p>Nous nous r\u00e9servons le droit \u00e0 tout moment de modifier ou d&rsquo;interrompre le Service (ou toute partie ou contenu de celui-ci) sans pr\u00e9avis \u00e0 tout moment.<\/p>\n\n\n\n<p>Nous ne serons pas responsables envers vous ou envers un tiers pour toute modification, changement de prix, suspension ou interruption du Service.<\/p>\n\n\n\n<p>SECTION 5 &#8211; PRODUITS OU SERVICES (le cas \u00e9ch\u00e9ant)<\/p>\n\n\n\n<p>Certains produits ou services peuvent \u00eatre disponibles exclusivement en ligne via le site Web. Ces produits ou services peuvent avoir des quantit\u00e9s limit\u00e9es et ne peuvent \u00eatre retourn\u00e9s ou \u00e9chang\u00e9s que conform\u00e9ment \u00e0 notre politique de remboursement.<\/p>\n\n\n\n<p>Nous nous sommes efforc\u00e9s d&rsquo;afficher aussi fid\u00e8lement que possible les couleurs et les images de nos produits qui apparaissent sur le boutique. Nous ne pouvons pas garantir que l&rsquo;affichage de n&rsquo;importe quelle couleur sur votre \u00e9cran d&rsquo;ordinateur sera pr\u00e9cis.<\/p>\n\n\n\n<p>Nous nous r\u00e9servons le droit, mais ne sommes pas oblig\u00e9s, de limiter les ventes de nos produits ou services \u00e0 toute personne, r\u00e9gion g\u00e9ographique ou juridiction. Nous pouvons exercer ce droit au cas par cas. Nous nous r\u00e9servons le droit de limiter les quantit\u00e9s de tout produit ou service que nous proposons. Toutes les descriptions de produits ou les prix des produits peuvent \u00eatre modifi\u00e9s \u00e0 tout moment sans pr\u00e9avis, \u00e0 notre seule discr\u00e9tion. Nous nous r\u00e9servons le droit d&rsquo;interrompre tout produit \u00e0 tout moment. Toute offre pour tout produit ou service faite sur ce site est nulle l\u00e0 o\u00f9 elle est interdite.<\/p>\n\n\n\n<p>Nous ne garantissons pas que la qualit\u00e9 de tout produit, service, information ou autre mat\u00e9riel achet\u00e9 ou obtenu par vous r\u00e9pondra \u00e0 vos attentes, ou que toute erreur dans le service sera corrig\u00e9e.<\/p>\n\n\n\n<p>SECTION 6 &#8211; EXACTITUDE DES INFORMATIONS DE FACTURATION ET DE COMPTE<\/p>\n\n\n\n<p>Nous nous r\u00e9servons le droit de refuser toute commande que vous passez chez nous. Nous pouvons, \u00e0 notre seule discr\u00e9tion, limiter ou annuler les quantit\u00e9s achet\u00e9es par personne, par foyer ou par commande. Ces restrictions peuvent inclure des commandes pass\u00e9es par ou sous le m\u00eame compte client, la m\u00eame carte de cr\u00e9dit et\/ou des commandes utilisant la m\u00eame adresse de facturation et\/ou de livraison. Dans le cas o\u00f9 nous modifions ou annulons une commande, nous pouvons tenter de vous en informer en contactant l&rsquo;adresse e\u2011mail et\/ou l&rsquo;adresse de facturation\/le num\u00e9ro de t\u00e9l\u00e9phone fournis au moment de la commande. Nous nous r\u00e9servons le droit de limiter ou d&rsquo;interdire les commandes qui, \u00e0 notre seul jugement, semblent \u00eatre pass\u00e9es par des concessionnaires, revendeurs ou distributeurs.<\/p>\n\n\n\n<p class=\"has-black-color has-text-color has-link-color wp-elements-ed831743e57b4b90bc6292f2eb611a44\">.<\/p>\n\n\n\n<p><\/p>\n\n\n\n<p><\/p>\n\n\n\n<p><\/p>\n\n\n\n<p><\/p>\n\n\n\n<p><\/p>\n\n\n\n<p><\/p>\n\n\n\n<p class=\"has-black-color has-text-color has-link-color wp-elements-9ac00cf961d1ea846fe5a532228b76c6\"><\/p>\n\n\n\n<p><\/p>\n\n\n\n<p><\/p>\n\n\n\n<p><\/p>\n\n\n\n<p><\/p>\n\n\n\n<p><\/p>\n\n\n\n<p><\/p>\n\n\n<link rel=\"stylesheet\" id=\"wd-section-title-css\" href=\"https:\/\/www.ruchersdesyvelines.com\/new\/wp-content\/themes\/woodmart\/css\/parts\/el-section-title.min.css?ver=7.2.5\" type=\"text\/css\" media=\"all\" \/>\n<h4><\/h4>\n\n\n<p><\/p>\n","protected":false},"excerpt":{"rendered":"<p>\/ APER\u00c7U Ce site Web est exploit\u00e9 par&nbsp;AMOR KAABIA , l&rsquo; apiculteur. Sur ce site, les termes \u00ab\u00a0nous\u00a0\u00bb, \u00ab\u00a0notre\u00a0\u00bb et<\/p>\n","protected":false},"author":1,"featured_media":0,"parent":0,"menu_order":0,"comment_status":"closed","ping_status":"closed","template":"","meta":{"footnotes":""},"class_list":["post-16203","page","type-page","status-publish","hentry"],"jetpack_sharing_enabled":true,"_links":{"self":[{"href":"https:\/\/www.ruchersdesyvelines.com\/new\/wp-json\/wp\/v2\/pages\/16203","targetHints":{"allow":["GET"]}}],"collection":[{"href":"https:\/\/www.ruchersdesyvelines.com\/new\/wp-json\/wp\/v2\/pages"}],"about":[{"href":"https:\/\/www.ruchersdesyvelines.com\/new\/wp-json\/wp\/v2\/types\/page"}],"author":[{"embeddable":true,"href":"https:\/\/www.ruchersdesyvelines.com\/new\/wp-json\/wp\/v2\/users\/1"}],"replies":[{"embeddable":true,"href":"https:\/\/www.ruchersdesyvelines.com\/new\/wp-json\/wp\/v2\/comments?post=16203"}],"version-history":[{"count":10,"href":"https:\/\/www.ruchersdesyvelines.com\/new\/wp-json\/wp\/v2\/pages\/16203\/revisions"}],"predecessor-version":[{"id":16401,"href":"https:\/\/www.ruchersdesyvelines.com\/new\/wp-json\/wp\/v2\/pages\/16203\/revisions\/16401"}],"wp:attachment":[{"href":"https:\/\/www.ruchersdesyvelines.com\/new\/wp-json\/wp\/v2\/media?parent=16203"}],"curies":[{"name":"wp","href":"https:\/\/api.w.org\/{rel}","templated":true}]}}