{"id":16194,"date":"2024-03-20T11:30:10","date_gmt":"2024-03-20T10:30:10","guid":{"rendered":"https:\/\/www.ruchersdesyvelines.com\/new\/?page_id=16194"},"modified":"2024-11-21T14:18:54","modified_gmt":"2024-11-21T13:18:54","slug":"mentions-legales","status":"publish","type":"page","link":"https:\/\/www.ruchersdesyvelines.com\/new\/mentions-legales\/","title":{"rendered":"Mentions l\u00e9gales"},"content":{"rendered":"<link rel=\"stylesheet\" id=\"wd-section-title-css\" href=\"https:\/\/www.ruchersdesyvelines.com\/new\/wp-content\/themes\/woodmart\/css\/parts\/el-section-title.min.css?ver=7.2.5\" type=\"text\/css\" media=\"all\" \/>\n<h4><\/h4>\n<p><b>Adresse<\/b>\u00a0: La p\u00e9pini\u00e8re d\u2019entreprises, 5 Rue Maurice Thorez, 78190 TRAPPES<\/p>\n<p><b>Tel\u00a0<\/b>: +33 (0)6 34 26 50 88<\/p>\n<p><b>Email\u00a0<\/b>: contact@ruchersdesyvelines.com<\/p>\n<p><b>N\u00b0 de SIRET\u00a0<\/b>: 80429575600022<\/p>\n<p><b>Code APE\u00a0<\/b>:\u00a00149Z<\/p>\n<p><b>Directeur de la publication\u00a0 :\u00a0<\/b>M. Amor KAABIA<b><br \/><\/b><\/p>\n<p><b>E-mail :\u00a0<\/b>kaabia.apiculteur@gmail.com<b><br \/><\/b><\/p>\n<p><b>\u00a0<\/b><\/p>\n<h2>Hebergement<\/h2>\n<p>Le site https:\/\/www.ruchersdesyvelines.com\/\u00a0est h\u00e9berg\u00e9 par la soci\u00e9t\u00e9\u00a0<b>Ikoula<\/b>\u00a0dont le si\u00e8ge social est au 175 RUE D\u2019AGUESSEAU 92100 BOULOGNE BILLANCOURT<\/p>\n<p>Site : https:\/\/www.ikoula.com\/<\/p>\n<p>Tel : +33 1 84 01 02 50<\/p>\n<h2>Donn\u00e9es personnelles<\/h2>\n<p>Les donn\u00e9es personnelles collect\u00e9es via le formulaire de contact sont uniquement destin\u00e9es \u00e0 un usage interne. En aucun cas ces donn\u00e9es ne seront c\u00e9d\u00e9es ou vendues \u00e0 des tiers. Elles restent confidentielles. Conform\u00e9ment \u00e0 la loi informatique et libert\u00e9s du 6 janvier 1978 modifi\u00e9e en 2004, vous b\u00e9n\u00e9ficiez d\u2019un droit d\u2019acc\u00e8s et de rectification aux informations qui vous concernent, que vous pouvez exercer en adressant un courrier via le formulaire de contact ou \u00e0 :\u00a0kaabia.apiculteur@gmail.com<b><br \/><\/b><\/p>\n<p>Pour en savoir plus, consultez vos droits sur le site de la CNIL.<\/p>\n<h2>Cookies<\/h2>\n<p>Lors de sa visite sur le site\u00a0https:\/\/www.ruchersdesyvelines.com\/, nous sommes susceptibles d\u2019implanter un cookie dans l\u2019ordinateur du Client.<br \/>Un cookie est un petit bloc de donn\u00e9es envoy\u00e9 \u00e0 son navigateur par un serveur web et stock\u00e9 sur le disque dur de son ordinateur. Le cookie ne nous permet pas d\u2019identifier personnellement le Client. De mani\u00e8re g\u00e9n\u00e9rale, le cookie nous permet d\u2019enregistrer des informations relatives \u00e0 sa navigation sur notre site (exemple : pages consult\u00e9es).<\/p>\n<p>https:\/\/www.ruchersdesyvelines.com\/\u00a0utilise des cookies, d\u00e9pos\u00e9s par\u00a0https:\/\/www.ruchersdesyvelines.com\/\u00a0et\/ou ses partenaires :<\/p>\n<p>pour des raisons techniques (identification de session, m\u00e9morisation des pr\u00e9f\u00e9rences, du panier\u2026)\u00e0 des fins d\u2019analyses statistiques et de gestion de trafic\u00e0 des fins commerciales et publicitaires, pour l\u2019affichage de banni\u00e8re publicitaires en lien avec vos centres d\u2019int\u00e9r\u00eats<\/p>\n<p>Vous pouvez g\u00e9rer et supprimer les cookies ou configurer en mode \u00ab Navigation Priv\u00e9e \u00bb en fonction du navigateur que vous utilisez,<br \/>mais vous pourrez \u00eatre amen\u00e9 \u00e0 perdre certaines donn\u00e9es de connexion et de panier.<\/p>\n<p>Pour supprimer les cookies sur Internet Explorer :<br \/><a href=\"http:\/\/windows.microsoft.com\/fr-fr\/internet-explorer\/delete-manage-cookies#ie=ie-11\">http:\/\/windows.microsoft.com\/fr-fr\/internet-explorer\/delete-manage-cookies#ie=ie-11<\/a><\/p>\n<p>Pour supprimer les cookies sur Mozilla Firefox :<br \/><a href=\"https:\/\/support.mozilla.org\/fr\/kb\/effacer-cookies-supprimer-infos-sites-enregistrees\">https:\/\/support.mozilla.org\/fr\/kb\/effacer-cookies-supprimer-infos-sites-enregistrees<\/a><\/p>\n<p>Pour supprimer les cookies sur Safari :<br \/><a href=\"http:\/\/support.apple.com\/kb\/ht1677?viewlocale=fr_FR&amp;locale=fr_FR\">http:\/\/support.apple.com\/kb\/ht1677?viewlocale=fr_FR&amp;locale=fr_FR<\/a><\/p>\n<p>Pour supprimer les cookies sur Google Chrome :<br \/><a href=\"https:\/\/support.google.com\/chrome\/answer\/95647?hl=fr\">https:\/\/support.google.com\/chrome\/answer\/95647?hl=fr<\/a><\/p>\n<p>Reproduction et Copyright<\/p>\n<p>Les contenus et textes propos\u00e9s sont la propri\u00e9t\u00e9 de leurs auteurs.\u00a0Ils sont soumis aux lois du Copyright\u00a9<\/p>\n","protected":false},"excerpt":{"rendered":"<p>Adresse\u00a0: La p\u00e9pini\u00e8re d\u2019entreprises, 5 Rue Maurice Thorez, 78190 TRAPPES Tel\u00a0: +33 (0)6 34 26 50 88 Email\u00a0: contact@ruchersdesyvelines.com N\u00b0<\/p>\n","protected":false},"author":1,"featured_media":0,"parent":0,"menu_order":0,"comment_status":"closed","ping_status":"closed","template":"elementor_header_footer","meta":{"footnotes":""},"class_list":["post-16194","page","type-page","status-publish","hentry"],"jetpack_sharing_enabled":true,"_links":{"self":[{"href":"https:\/\/www.ruchersdesyvelines.com\/new\/wp-json\/wp\/v2\/pages\/16194","targetHints":{"allow":["GET"]}}],"collection":[{"href":"https:\/\/www.ruchersdesyvelines.com\/new\/wp-json\/wp\/v2\/pages"}],"about":[{"href":"https:\/\/www.ruchersdesyvelines.com\/new\/wp-json\/wp\/v2\/types\/page"}],"author":[{"embeddable":true,"href":"https:\/\/www.ruchersdesyvelines.com\/new\/wp-json\/wp\/v2\/users\/1"}],"replies":[{"embeddable":true,"href":"https:\/\/www.ruchersdesyvelines.com\/new\/wp-json\/wp\/v2\/comments?post=16194"}],"version-history":[{"count":5,"href":"https:\/\/www.ruchersdesyvelines.com\/new\/wp-json\/wp\/v2\/pages\/16194\/revisions"}],"predecessor-version":[{"id":16393,"href":"https:\/\/www.ruchersdesyvelines.com\/new\/wp-json\/wp\/v2\/pages\/16194\/revisions\/16393"}],"wp:attachment":[{"href":"https:\/\/www.ruchersdesyvelines.com\/new\/wp-json\/wp\/v2\/media?parent=16194"}],"curies":[{"name":"wp","href":"https:\/\/api.w.org\/{rel}","templated":true}]}}