{"id":15863,"date":"2024-01-10T17:57:03","date_gmt":"2024-01-10T16:57:03","guid":{"rendered":"http:\/\/127.0.0.1\/r1\/?page_id=15863"},"modified":"2024-03-22T11:38:19","modified_gmt":"2024-03-22T10:38:19","slug":"ruches-peuplees-dans-les-yvelines","status":"publish","type":"page","link":"https:\/\/www.ruchersdesyvelines.com\/new\/ruches-peuplees-dans-les-yvelines\/","title":{"rendered":"Ruches peupl\u00e9es dans les\u00a0yvelines"},"content":{"rendered":"\t\t<div data-elementor-type=\"wp-page\" data-elementor-id=\"15863\" class=\"elementor elementor-15863\">\n\t\t\t\t\t\t<section class=\"elementor-section elementor-top-section elementor-element elementor-element-f12e0c0 wd-section-stretch elementor-section-boxed elementor-section-height-default elementor-section-height-default\" data-id=\"f12e0c0\" data-element_type=\"section\" data-e-type=\"section\" data-settings=\"{&quot;background_background&quot;:&quot;classic&quot;}\">\n\t\t\t\t\t\t\t<div class=\"elementor-background-overlay\"><\/div>\n\t\t\t\t\t\t\t<div class=\"elementor-container elementor-column-gap-default\">\n\t\t\t\t\t<div class=\"elementor-column elementor-col-50 elementor-top-column elementor-element elementor-element-eb665ac\" data-id=\"eb665ac\" data-element_type=\"column\" data-e-type=\"column\">\n\t\t\t<div class=\"elementor-widget-wrap elementor-element-populated\">\n\t\t\t\t\t\t<div class=\"elementor-element elementor-element-40ccb0b elementor-widget elementor-widget-wd_image_or_svg\" data-id=\"40ccb0b\" data-element_type=\"widget\" data-e-type=\"widget\" data-widget_type=\"wd_image_or_svg.default\">\n\t\t\t\t<div class=\"elementor-widget-container\">\n\t\t\t\t\t\n\t\t<div class=\"wd-image text-right\">\n\t\t\t\t\t\t\t\t<img fetchpriority=\"high\" decoding=\"async\" width=\"500\" height=\"380\" src=\"https:\/\/www.ruchersdesyvelines.com\/new\/wp-content\/uploads\/2024\/01\/f4bcc8a4-34ed-4320-b4d1-010d1340614b.jpeg\" class=\"attachment-full size-full wp-image-15862\" alt=\"\" \/>\t\t\t\t\t<\/div>\n\n\t\t\t\t\t\t<\/div>\n\t\t\t\t<\/div>\n\t\t\t\t\t<\/div>\n\t\t<\/div>\n\t\t\t\t<div class=\"elementor-column elementor-col-50 elementor-top-column elementor-element elementor-element-b05c143\" data-id=\"b05c143\" data-element_type=\"column\" data-e-type=\"column\">\n\t\t\t<div class=\"elementor-widget-wrap elementor-element-populated\">\n\t\t\t\t\t\t<div class=\"elementor-element elementor-element-6499672 elementor-widget elementor-widget-wd_title\" data-id=\"6499672\" data-element_type=\"widget\" data-e-type=\"widget\" data-widget_type=\"wd_title.default\">\n\t\t\t\t<div class=\"elementor-widget-container\">\n\t\t\t\t\t\t\t<div class=\"title-wrapper set-mb-s reset-last-child wd-title-color-primary wd-title-style-default wd-title-size-large text-left\">\n\n\t\t\t\n\t\t\t<div class=\"liner-continer\">\n\t\t\t\t<h4 class=\"woodmart-title-container title wd-fontsize-xxl\"><\/h4> \n\t\t\t\t\t\t\t<\/div>\n\n\t\t\t\t\t\t\t<div class=\"title-after_title set-cont-mb-s reset-last-child wd-fontsize-s\">\n\t\t\t\t\t<h5>Faites votre propre miel !<\/h5><h1>Ruches peupl\u00e9es<\/h1><p>Une ruche peupl\u00e9e compl\u00e8te pr\u00eate \u00e0 \u00eatre install\u00e9e !\u00a0<\/p>\t\t\t\t<\/div>\n\t\t\t\t\t<\/div>\n\t\t\t\t\t\t<\/div>\n\t\t\t\t<\/div>\n\t\t\t\t<div class=\"elementor-element elementor-element-cb883c5 elementor-absolute elementor-invisible elementor-widget elementor-widget-wd_image_or_svg\" data-id=\"cb883c5\" data-element_type=\"widget\" data-e-type=\"widget\" data-settings=\"{&quot;_position&quot;:&quot;absolute&quot;,&quot;_animation&quot;:&quot;slideInRight&quot;}\" data-widget_type=\"wd_image_or_svg.default\">\n\t\t\t\t<div class=\"elementor-widget-container\">\n\t\t\t\t\t\n\t\t<div class=\"wd-image text-center\">\n\t\t\t\t\t\t\t\t<img decoding=\"async\" width=\"237\" height=\"228\" src=\"https:\/\/www.ruchersdesyvelines.com\/new\/wp-content\/uploads\/2023\/09\/bee-2.png\" class=\"attachment-full size-full wp-image-15621\" alt=\"\" \/>\t\t\t\t\t<\/div>\n\n\t\t\t\t\t\t<\/div>\n\t\t\t\t<\/div>\n\t\t\t\t\t<\/div>\n\t\t<\/div>\n\t\t\t\t\t<\/div>\n\t\t<\/section>\n\t\t\t\t<section class=\"elementor-section elementor-top-section elementor-element elementor-element-d8a5a65 elementor-reverse-tablet elementor-reverse-mobile elementor-section-boxed elementor-section-height-default elementor-section-height-default wd-section-disabled\" data-id=\"d8a5a65\" data-element_type=\"section\" data-e-type=\"section\">\n\t\t\t\t\t\t<div class=\"elementor-container elementor-column-gap-default\">\n\t\t\t\t\t<div class=\"elementor-column elementor-col-100 elementor-top-column elementor-element elementor-element-ce18cfd\" data-id=\"ce18cfd\" data-element_type=\"column\" data-e-type=\"column\">\n\t\t\t<div class=\"elementor-widget-wrap elementor-element-populated\">\n\t\t\t\t\t\t<div class=\"elementor-element elementor-element-f4ba9fc elementor-widget elementor-widget-wd_products\" data-id=\"f4ba9fc\" data-element_type=\"widget\" data-e-type=\"widget\" data-widget_type=\"wd_products.default\">\n\t\t\t\t<div class=\"elementor-widget-container\">\n\t\t\t\t\t\t\t\t\t\t<div class=\"wd-products-element\">\n\n\t\t\t\n\t\t\t\n\t\t\t\n\t\t\t<div class=\"products elements-grid row wd-products-holder pagination-more-btn wd-spacing-20 grid-columns-2 products-bordered-grid title-line-two wd-stretch-cont-lg wd-stretch-cont-sm align-items-start\" data-paged=\"1\" data-atts=\"{&quot;element_title&quot;:&quot;&quot;,&quot;title_alignment&quot;:&quot;left&quot;,&quot;query_post_type&quot;:&quot;product&quot;,&quot;post_type&quot;:&quot;product&quot;,&quot;include&quot;:null,&quot;taxonomies&quot;:[&quot;75&quot;],&quot;offset&quot;:&quot;&quot;,&quot;orderby&quot;:&quot;&quot;,&quot;query_type&quot;:&quot;OR&quot;,&quot;order&quot;:null,&quot;meta_key&quot;:null,&quot;exclude&quot;:&quot;&quot;,&quot;shop_tools&quot;:null,&quot;hide_out_of_stock&quot;:&quot;no&quot;,&quot;ajax_recently_viewed&quot;:null,&quot;speed&quot;:null,&quot;slides_per_view&quot;:null,&quot;slides_per_view_tablet&quot;:{&quot;size&quot;:&quot;&quot;},&quot;slides_per_view_mobile&quot;:{&quot;size&quot;:&quot;&quot;},&quot;wrap&quot;:null,&quot;autoplay&quot;:null,&quot;center_mode&quot;:null,&quot;hide_pagination_control&quot;:null,&quot;hide_prev_next_buttons&quot;:null,&quot;scroll_per_page&quot;:null,&quot;layout&quot;:&quot;grid&quot;,&quot;pagination&quot;:&quot;more-btn&quot;,&quot;items_per_page&quot;:12,&quot;spacing&quot;:&quot;20&quot;,&quot;columns&quot;:{&quot;unit&quot;:&quot;px&quot;,&quot;size&quot;:2,&quot;sizes&quot;:[]},&quot;columns_tablet&quot;:{&quot;size&quot;:&quot;&quot;},&quot;columns_mobile&quot;:{&quot;unit&quot;:&quot;px&quot;,&quot;size&quot;:1,&quot;sizes&quot;:[]},&quot;products_masonry&quot;:&quot;&quot;,&quot;products_different_sizes&quot;:&quot;&quot;,&quot;product_quantity&quot;:&quot;&quot;,&quot;product_hover&quot;:&quot;icons&quot;,&quot;sale_countdown&quot;:&quot;0&quot;,&quot;stretch_product&quot;:&quot;1&quot;,&quot;stretch_product_tablet&quot;:0,&quot;stretch_product_mobile&quot;:&quot;1&quot;,&quot;stock_progress_bar&quot;:&quot;&quot;,&quot;highlighted_products&quot;:&quot;&quot;,&quot;products_bordered_grid&quot;:&quot;1&quot;,&quot;products_bordered_grid_style&quot;:&quot;outside&quot;,&quot;products_with_background&quot;:&quot;0&quot;,&quot;products_shadow&quot;:&quot;0&quot;,&quot;products_color_scheme&quot;:&quot;default&quot;,&quot;img_size&quot;:&quot;large&quot;,&quot;img_size_custom&quot;:null,&quot;grid_gallery&quot;:&quot;&quot;,&quot;grid_gallery_control&quot;:null,&quot;grid_gallery_enable_arrows&quot;:null,&quot;ajax_page&quot;:&quot;&quot;,&quot;force_not_ajax&quot;:&quot;no&quot;,&quot;lazy_loading&quot;:&quot;no&quot;,&quot;scroll_carousel_init&quot;:null,&quot;custom_sizes&quot;:false,&quot;elementor&quot;:true}\" data-source=\"shortcode\" data-columns=\"2\" data-grid-gallery=\"{&quot;grid_gallery&quot;:&quot;1&quot;,&quot;grid_gallery_control&quot;:&quot;hover&quot;,&quot;grid_gallery_enable_arrows&quot;:&quot;none&quot;}\">\n\t\t\n\t\t\n\t\t\t\t\t\t\t\t<div class=\"product-grid-item wd-with-labels product wd-hover-icons  col-lg-6 col-md-6 col-12 first  type-product post-15803 status-publish outofstock product_cat-essaims-ruches product_cat-ruches-peuplees has-post-thumbnail shipping-taxable purchasable product-type-variable\" data-loop=\"1\" data-id=\"15803\">\n\t\n\t<div class=\"product-wrapper\">\n\t<div class=\"product-element-top wd-quick-shop\">\n\t\t<a href=\"https:\/\/www.ruchersdesyvelines.com\/new\/produit\/ruche-peuplee-avril-2026\/\" class=\"product-image-link\">\n\t\t\t\t\t<div class=\"wd-product-grid-slider wd-fill\">\n\t\t\t\t\t\t\t<div class=\"wd-product-grid-slide\" data-image-url=\"https:\/\/www.ruchersdesyvelines.com\/new\/wp-content\/uploads\/2024\/01\/r1-1300x800.jpeg\" data-image-srcset=\"\" data-image-id=\"0\"><\/div>\n\t\t\t\t\t\t\t<div class=\"wd-product-grid-slide\" data-image-url=\"https:\/\/www.ruchersdesyvelines.com\/new\/wp-content\/uploads\/2024\/01\/r3-1300x800.jpg\" data-image-srcset=\"\" data-image-id=\"1\"><\/div>\n\t\t\t\t\t\t\t<div class=\"wd-product-grid-slide\" data-image-url=\"https:\/\/www.ruchersdesyvelines.com\/new\/wp-content\/uploads\/2024\/01\/r2-1300x800.jpeg\" data-image-srcset=\"\" data-image-id=\"2\"><\/div>\n\t\t\t\t\t<\/div>\n\n\t\t\n\t\t\t\t\t\t\t<div class=\"wd-product-grid-slider-pagin\">\n\t\t\t\t\t\t\t<div data-image-id=\"0\" class=\"wd-product-grid-slider-dot\"><\/div>\n\t\t\t\t\t\t\t<div data-image-id=\"1\" class=\"wd-product-grid-slider-dot\"><\/div>\n\t\t\t\t\t\t\t<div data-image-id=\"2\" class=\"wd-product-grid-slider-dot\"><\/div>\n\t\t\t\t\t<\/div>\n\t\t\t\t\t\t<div class=\"product-labels labels-rounded-sm\"><span class=\"out-of-stock product-label\">En rupture<\/span><\/div><img decoding=\"async\" width=\"1300\" height=\"800\" src=\"https:\/\/www.ruchersdesyvelines.com\/new\/wp-content\/uploads\/2024\/01\/r1-1300x800.jpeg\" class=\"attachment-large size-large wp-image-15804\" alt=\"\" \/>\t\t<\/a>\n\n\t\t\n\t\t<div class=\"wrapp-buttons\">\n\t\t\t<div class=\"wd-buttons\">\n\t\t\t\t<div class=\"wd-add-btn wd-action-btn wd-style-icon wd-add-cart-icon\"><a href=\"https:\/\/www.ruchersdesyvelines.com\/new\/produit\/ruche-peuplee-avril-2026\/\" data-quantity=\"1\" class=\"button product_type_variable add-to-cart-loop\" data-product_id=\"15803\" data-product_sku=\"\" aria-label=\"S\u00e9lectionner les options pour &ldquo;Ruche peupl\u00e9e Avril 2026&rdquo;\" rel=\"nofollow\"><span>Choix des options<\/span><\/a><\/div>\n\t\t\t\t\t\t\t\t\t\t\t\t\t\t<div class=\"quick-view wd-action-btn wd-style-icon wd-quick-view-icon\">\n\t\t\t<a\n\t\t\t\thref=\"https:\/\/www.ruchersdesyvelines.com\/new\/produit\/ruche-peuplee-avril-2026\/\"\n\t\t\t\tclass=\"open-quick-view quick-view-button\"\n\t\t\t\trel=\"nofollow\"\n\t\t\t\tdata-id=\"15803\"\n\t\t\t\t>Aper\u00e7u rapide<\/a>\n\t\t<\/div>\n\t\t\t\t\t\t\t\t<div class=\"wd-compare-btn product-compare-button wd-action-btn wd-style-icon wd-compare-icon\">\n\t\t\t<a href=\"https:\/\/www.ruchersdesyvelines.com\/new\/compare\/\" data-id=\"15803\" rel=\"nofollow\" data-added-text=\"Comparer les produits\">\n\t\t\t\t<span>Comparer<\/span>\n\t\t\t<\/a>\n\t\t<\/div>\n\t\t\t\t\t\t\t\t\t<div class=\"wd-wishlist-btn wd-action-btn wd-style-icon wd-wishlist-icon\">\n\t\t\t\t<a class=\"\" href=\"https:\/\/www.ruchersdesyvelines.com\/new\/wishlist\/\" data-key=\"6aaa53c88c\" data-product-id=\"15803\" rel=\"nofollow\" data-added-text=\"Parcourir mes favoris\">\n\t\t\t\t\t<span>Ajouter \u00e0 mes favoris<\/span>\n\t\t\t\t<\/a>\n\t\t\t<\/div>\n\t\t\t\t\t<\/div> \n\t\t<\/div>\n\t<\/div>\n\t\t<div class=\"product-element-bottom\">\n\t\t\t\t\t<h3 class=\"wd-entities-title\"><a href=\"https:\/\/www.ruchersdesyvelines.com\/new\/produit\/ruche-peuplee-avril-2026\/\">Ruche peupl\u00e9e Avril 2026<\/a><\/h3>\t\t\t\t<div class=\"wd-product-cats\">\n\t\t\t<a href=\"https:\/\/www.ruchersdesyvelines.com\/new\/categorie-produit\/essaims-ruches\/\" rel=\"tag\">Essaims Ruches<\/a>, <a href=\"https:\/\/www.ruchersdesyvelines.com\/new\/categorie-produit\/essaims-ruches\/ruches-peuplees\/\" rel=\"tag\">Ruches peupl\u00e9es<\/a>\t\t<\/div>\n\t\t\t\t\t\t\n\t<span class=\"price\"><span class=\"woocommerce-Price-amount amount\"><bdi>320,00&nbsp;<span class=\"woocommerce-Price-currencySymbol\">&euro;<\/span><\/bdi><\/span><\/span>\n\n\t\tAcompte 40\u20ac\n\t\t\n\t\t\t\t<\/div>\n\t<\/div>\n<\/div>\n\t\t\t\t\t\t\t\t<div class=\"product-grid-item product wd-hover-icons  col-lg-6 col-md-6 col-12 last  type-product post-15816 status-publish instock product_cat-essaims-ruches product_cat-ruches-peuplees has-post-thumbnail shipping-taxable purchasable product-type-simple\" data-loop=\"2\" data-id=\"15816\">\n\t\n\t<div class=\"product-wrapper\">\n\t<div class=\"product-element-top wd-quick-shop\">\n\t\t<a href=\"https:\/\/www.ruchersdesyvelines.com\/new\/produit\/ruche-peuplee-de-mai-juin-2026\/\" class=\"product-image-link\">\n\t\t\t\t\t<div class=\"wd-product-grid-slider wd-fill\">\n\t\t\t\t\t\t\t<div class=\"wd-product-grid-slide\" data-image-url=\"https:\/\/www.ruchersdesyvelines.com\/new\/wp-content\/uploads\/2024\/01\/r3-1300x800.jpg\" data-image-srcset=\"\" data-image-id=\"0\"><\/div>\n\t\t\t\t\t\t\t<div class=\"wd-product-grid-slide\" data-image-url=\"https:\/\/www.ruchersdesyvelines.com\/new\/wp-content\/uploads\/2024\/01\/r2-1300x800.jpeg\" data-image-srcset=\"\" data-image-id=\"1\"><\/div>\n\t\t\t\t\t\t\t<div class=\"wd-product-grid-slide\" data-image-url=\"https:\/\/www.ruchersdesyvelines.com\/new\/wp-content\/uploads\/2024\/01\/DSC_2290-scaled-1300x800.jpg\" data-image-srcset=\"\" data-image-id=\"2\"><\/div>\n\t\t\t\t\t<\/div>\n\n\t\t\n\t\t\t\t\t\t\t<div class=\"wd-product-grid-slider-pagin\">\n\t\t\t\t\t\t\t<div data-image-id=\"0\" class=\"wd-product-grid-slider-dot\"><\/div>\n\t\t\t\t\t\t\t<div data-image-id=\"1\" class=\"wd-product-grid-slider-dot\"><\/div>\n\t\t\t\t\t\t\t<div data-image-id=\"2\" class=\"wd-product-grid-slider-dot\"><\/div>\n\t\t\t\t\t<\/div>\n\t\t\t\t\t\t<img loading=\"lazy\" decoding=\"async\" width=\"1300\" height=\"800\" src=\"https:\/\/www.ruchersdesyvelines.com\/new\/wp-content\/uploads\/2024\/01\/r3-1300x800.jpg\" class=\"attachment-large size-large wp-image-15805\" alt=\"\" \/>\t\t<\/a>\n\n\t\t\n\t\t<div class=\"wrapp-buttons\">\n\t\t\t<div class=\"wd-buttons\">\n\t\t\t\t<div class=\"wd-add-btn wd-action-btn wd-style-icon wd-add-cart-icon\"><a href=\"\/new\/wp-json\/wp\/v2\/pages\/15863?add-to-cart=15816\" data-quantity=\"1\" class=\"button product_type_simple add_to_cart_button ajax_add_to_cart add-to-cart-loop\" data-product_id=\"15816\" data-product_sku=\"\" aria-label=\"Ajouter au panier\u00a0: &ldquo;Ruche peupl\u00e9e Mai  2026&rdquo;\" rel=\"nofollow\" data-success_message=\"\u00ab\u00a0Ruche peupl\u00e9e Mai  2026\u00a0\u00bb a \u00e9t\u00e9 ajout\u00e9 \u00e0 votre panier\" role=\"button\"><span>Ajouter au panier<\/span><\/a><\/div>\n\t\t\t\t\t\t\t\t\t\t\t\t\t\t<div class=\"quick-view wd-action-btn wd-style-icon wd-quick-view-icon\">\n\t\t\t<a\n\t\t\t\thref=\"https:\/\/www.ruchersdesyvelines.com\/new\/produit\/ruche-peuplee-de-mai-juin-2026\/\"\n\t\t\t\tclass=\"open-quick-view quick-view-button\"\n\t\t\t\trel=\"nofollow\"\n\t\t\t\tdata-id=\"15816\"\n\t\t\t\t>Aper\u00e7u rapide<\/a>\n\t\t<\/div>\n\t\t\t\t\t\t\t\t<div class=\"wd-compare-btn product-compare-button wd-action-btn wd-style-icon wd-compare-icon\">\n\t\t\t<a href=\"https:\/\/www.ruchersdesyvelines.com\/new\/compare\/\" data-id=\"15816\" rel=\"nofollow\" data-added-text=\"Comparer les produits\">\n\t\t\t\t<span>Comparer<\/span>\n\t\t\t<\/a>\n\t\t<\/div>\n\t\t\t\t\t\t\t\t\t<div class=\"wd-wishlist-btn wd-action-btn wd-style-icon wd-wishlist-icon\">\n\t\t\t\t<a class=\"\" href=\"https:\/\/www.ruchersdesyvelines.com\/new\/wishlist\/\" data-key=\"6aaa53c88c\" data-product-id=\"15816\" rel=\"nofollow\" data-added-text=\"Parcourir mes favoris\">\n\t\t\t\t\t<span>Ajouter \u00e0 mes favoris<\/span>\n\t\t\t\t<\/a>\n\t\t\t<\/div>\n\t\t\t\t\t<\/div> \n\t\t<\/div>\n\t<\/div>\n\t\t<div class=\"product-element-bottom\">\n\t\t\t\t\t<h3 class=\"wd-entities-title\"><a href=\"https:\/\/www.ruchersdesyvelines.com\/new\/produit\/ruche-peuplee-de-mai-juin-2026\/\">Ruche peupl\u00e9e Mai  2026<\/a><\/h3>\t\t\t\t<div class=\"wd-product-cats\">\n\t\t\t<a href=\"https:\/\/www.ruchersdesyvelines.com\/new\/categorie-produit\/essaims-ruches\/\" rel=\"tag\">Essaims Ruches<\/a>, <a href=\"https:\/\/www.ruchersdesyvelines.com\/new\/categorie-produit\/essaims-ruches\/ruches-peuplees\/\" rel=\"tag\">Ruches peupl\u00e9es<\/a>\t\t<\/div>\n\t\t\t\t\t\t\n\t<span class=\"price\"><span class=\"woocommerce-Price-amount amount\"><bdi>270,00&nbsp;<span class=\"woocommerce-Price-currencySymbol\">&euro;<\/span><\/bdi><\/span><\/span>\n\n\t\tAcompte 40\u20ac.\n<div class=\"woocommerce-product-details__short-description\"> <\/div>\n\t\t\n\t\t\t\t<\/div>\n\t<\/div>\n<\/div>\n\t\t\n\t\t\t\t<\/div>\n\t\n\t\t\n\t\t\n\t\t\t\t\t<\/div>\n\t\t\n\t\t\t\t\t\t<\/div>\n\t\t\t\t<\/div>\n\t\t\t\t\t<\/div>\n\t\t<\/div>\n\t\t\t\t\t<\/div>\n\t\t<\/section>\n\t\t\t\t<section class=\"elementor-section elementor-top-section elementor-element elementor-element-3336667 elementor-reverse-tablet elementor-reverse-mobile elementor-hidden-mobile elementor-section-boxed elementor-section-height-default elementor-section-height-default wd-section-disabled\" data-id=\"3336667\" data-element_type=\"section\" data-e-type=\"section\">\n\t\t\t\t\t\t<div class=\"elementor-container elementor-column-gap-default\">\n\t\t\t\t\t<div class=\"elementor-column elementor-col-100 elementor-top-column elementor-element elementor-element-0cbca4c\" data-id=\"0cbca4c\" data-element_type=\"column\" data-e-type=\"column\">\n\t\t\t<div class=\"elementor-widget-wrap\">\n\t\t\t\t\t\t\t<\/div>\n\t\t<\/div>\n\t\t\t\t\t<\/div>\n\t\t<\/section>\n\t\t\t\t<\/div>\n\t\t","protected":false},"excerpt":{"rendered":"<p>Faites votre propre miel ! Ruches peupl\u00e9es Une ruche peupl\u00e9e compl\u00e8te pr\u00eate \u00e0 \u00eatre install\u00e9e !\u00a0 Choix des options Aper\u00e7u<\/p>\n","protected":false},"author":1,"featured_media":0,"parent":0,"menu_order":0,"comment_status":"closed","ping_status":"closed","template":"elementor_header_footer","meta":{"footnotes":""},"class_list":["post-15863","page","type-page","status-publish","hentry"],"jetpack_sharing_enabled":true,"_links":{"self":[{"href":"https:\/\/www.ruchersdesyvelines.com\/new\/wp-json\/wp\/v2\/pages\/15863","targetHints":{"allow":["GET"]}}],"collection":[{"href":"https:\/\/www.ruchersdesyvelines.com\/new\/wp-json\/wp\/v2\/pages"}],"about":[{"href":"https:\/\/www.ruchersdesyvelines.com\/new\/wp-json\/wp\/v2\/types\/page"}],"author":[{"embeddable":true,"href":"https:\/\/www.ruchersdesyvelines.com\/new\/wp-json\/wp\/v2\/users\/1"}],"replies":[{"embeddable":true,"href":"https:\/\/www.ruchersdesyvelines.com\/new\/wp-json\/wp\/v2\/comments?post=15863"}],"version-history":[{"count":50,"href":"https:\/\/www.ruchersdesyvelines.com\/new\/wp-json\/wp\/v2\/pages\/15863\/revisions"}],"predecessor-version":[{"id":16264,"href":"https:\/\/www.ruchersdesyvelines.com\/new\/wp-json\/wp\/v2\/pages\/15863\/revisions\/16264"}],"wp:attachment":[{"href":"https:\/\/www.ruchersdesyvelines.com\/new\/wp-json\/wp\/v2\/media?parent=15863"}],"curies":[{"name":"wp","href":"https:\/\/api.w.org\/{rel}","templated":true}]}}